{"id":3657,"date":"2022-06-22T12:12:56","date_gmt":"2022-06-22T12:12:56","guid":{"rendered":"https:\/\/villagraca.pt\/?page_id=3657"},"modified":"2022-06-27T21:36:39","modified_gmt":"2022-06-27T21:36:39","slug":"acomodacoes","status":"publish","type":"page","link":"https:\/\/villagraca.pt\/en\/acomodacoes\/","title":{"rendered":"Accommodations"},"content":{"rendered":"[vc_row type=&#8221;full_width_content&#8221; full_screen_row_position=&#8221;middle&#8221; column_margin=&#8221;default&#8221; equal_height=&#8221;yes&#8221; content_placement=&#8221;middle&#8221; column_direction=&#8221;default&#8221; column_direction_tablet=&#8221;default&#8221; column_direction_phone=&#8221;default&#8221; scene_position=&#8221;center&#8221; text_color=&#8221;light&#8221; text_align=&#8221;left&#8221; row_border_radius=&#8221;none&#8221; row_border_radius_applies=&#8221;bg&#8221; overflow=&#8221;visible&#8221; advanced_gradient_angle=&#8221;0&#8243; overlay_strength=&#8221;0.3&#8243; gradient_direction=&#8221;left_to_right&#8221; shape_divider_position=&#8221;bottom&#8221; bg_image_animation=&#8221;none&#8221; shape_type=&#8221;&#8221; gradient_type=&#8221;default&#8221;][vc_column column_padding=&#8221;padding-10-percent&#8221; column_padding_tablet=&#8221;inherit&#8221; column_padding_phone=&#8221;inherit&#8221; column_padding_position=&#8221;all&#8221; column_element_spacing=&#8221;default&#8221; centered_text=&#8221;true&#8221; background_color=&#8221;#2d2d2d&#8221; background_color_opacity=&#8221;0.6&#8243; background_hover_color_opacity=&#8221;0.6&#8243; background_image=&#8221;2114&#8243; background_image_position=&#8221;center center&#8221; enable_bg_scale=&#8221;true&#8221; background_image_loading=&#8221;default&#8221; column_shadow=&#8221;none&#8221; column_border_radius=&#8221;none&#8221; column_link_target=&#8221;_self&#8221; column_position=&#8221;default&#8221; advanced_gradient_angle=&#8221;0&#8243; gradient_direction=&#8221;left_to_right&#8221; overlay_strength=&#8221;0.3&#8243; width=&#8221;1\/3&#8243; tablet_width_inherit=&#8221;default&#8221; tablet_text_alignment=&#8221;default&#8221; phone_text_alignment=&#8221;default&#8221; animation_type=&#8221;default&#8221; bg_image_animation=&#8221;zoom-out-slow&#8221; parallax_bg=&#8221;true&#8221; parallax_bg_speed=&#8221;medium&#8221; border_type=&#8221;simple&#8221; column_border_width=&#8221;none&#8221; column_border_style=&#8221;solid&#8221; gradient_type=&#8221;default&#8221;][vc_custom_heading text=&#8221;Apartments&#8221; font_container=&#8221;tag:h5|text_align:center|color:%23ffffff&#8221; use_theme_fonts=&#8221;yes&#8221;][nectar_btn size=&#8221;large&#8221; button_style=&#8221;see-through-2&#8243; hover_text_color_override=&#8221;#ffffff&#8221; icon_family=&#8221;none&#8221; url=&#8221;https:\/\/villagraca.pt\/apartamentos\/&#8221; text=&#8221;See&#8221; margin_top=&#8221;25&#8243;][\/vc_column][vc_column column_padding=&#8221;padding-10-percent&#8221; column_padding_tablet=&#8221;inherit&#8221; column_padding_phone=&#8221;inherit&#8221; column_padding_position=&#8221;all&#8221; column_element_spacing=&#8221;default&#8221; centered_text=&#8221;true&#8221; background_color=&#8221;#0a0a0a&#8221; background_color_opacity=&#8221;0.3&#8243; background_color_hover=&#8221;#0a0a0a&#8221; background_hover_color_opacity=&#8221;0.3&#8243; background_image=&#8221;1378&#8243; background_image_position=&#8221;center center&#8221; enable_bg_scale=&#8221;true&#8221; background_image_loading=&#8221;default&#8221; column_shadow=&#8221;none&#8221; column_border_radius=&#8221;none&#8221; column_link_target=&#8221;_self&#8221; column_position=&#8221;default&#8221; advanced_gradient_angle=&#8221;0&#8243; gradient_direction=&#8221;left_to_right&#8221; overlay_strength=&#8221;0.3&#8243; width=&#8221;1\/3&#8243; tablet_width_inherit=&#8221;default&#8221; tablet_text_alignment=&#8221;default&#8221; phone_text_alignment=&#8221;default&#8221; animation_type=&#8221;default&#8221; enable_animation=&#8221;true&#8221; animation=&#8221;grow-in&#8221; bg_image_animation=&#8221;zoom-out-slow&#8221; parallax_bg=&#8221;true&#8221; parallax_bg_speed=&#8221;medium&#8221; border_type=&#8221;simple&#8221; column_border_width=&#8221;none&#8221; column_border_style=&#8221;solid&#8221; delay=&#8221;50&#8243; gradient_type=&#8221;default&#8221;][vc_custom_heading text=&#8221;Rooms&#8221; font_container=&#8221;tag:h5|text_align:center|color:%23ffffff&#8221; use_theme_fonts=&#8221;yes&#8221;][nectar_btn size=&#8221;large&#8221; button_style=&#8221;see-through-2&#8243; hover_text_color_override=&#8221;#ffffff&#8221; icon_family=&#8221;none&#8221; url=&#8221;https:\/\/villagraca.pt\/apartamentos\/&#8221; text=&#8221;See&#8221; margin_top=&#8221;25&#8243;][\/vc_column][vc_column column_padding=&#8221;padding-10-percent&#8221; column_padding_tablet=&#8221;inherit&#8221; column_padding_phone=&#8221;inherit&#8221; column_padding_position=&#8221;all&#8221; column_element_spacing=&#8221;default&#8221; centered_text=&#8221;true&#8221; background_color=&#8221;#2d2d2d&#8221; background_color_opacity=&#8221;0.7&#8243; background_hover_color_opacity=&#8221;0.7&#8243; background_image=&#8221;1314&#8243; background_image_position=&#8221;center center&#8221; enable_bg_scale=&#8221;true&#8221; background_image_loading=&#8221;default&#8221; column_shadow=&#8221;none&#8221; column_border_radius=&#8221;none&#8221; column_link_target=&#8221;_self&#8221; column_position=&#8221;default&#8221; advanced_gradient_angle=&#8221;0&#8243; gradient_direction=&#8221;left_to_right&#8221; overlay_strength=&#8221;0.3&#8243; width=&#8221;1\/3&#8243; tablet_width_inherit=&#8221;default&#8221; tablet_text_alignment=&#8221;default&#8221; phone_text_alignment=&#8221;default&#8221; animation_type=&#8221;default&#8221; enable_animation=&#8221;true&#8221; animation=&#8221;zoom-out&#8221; bg_image_animation=&#8221;zoom-out-slow&#8221; border_type=&#8221;simple&#8221; column_border_width=&#8221;none&#8221; column_border_style=&#8221;solid&#8221; delay=&#8221;100&#8243; gradient_type=&#8221;default&#8221;][vc_custom_heading text=&#8221;Hostel&#8221; font_container=&#8221;tag:h5|text_align:center|color:%23ffffff&#8221; use_theme_fonts=&#8221;yes&#8221;][nectar_btn size=&#8221;large&#8221; button_style=&#8221;see-through-2&#8243; hover_text_color_override=&#8221;#ffffff&#8221; icon_family=&#8221;none&#8221; url=&#8221;https:\/\/villagraca.pt\/hostel\/&#8221; text=&#8221;See&#8221; margin_top=&#8221;25&#8243;][\/vc_column][\/vc_row]\n","protected":false},"excerpt":{"rendered":"<p>[vc_row type=&#8221;full_width_content&#8221; full_screen_row_position=&#8221;middle&#8221; column_margin=&#8221;default&#8221; equal_height=&#8221;yes&#8221; content_placement=&#8221;middle&#8221; column_direction=&#8221;default&#8221; column_direction_tablet=&#8221;default&#8221; column_direction_phone=&#8221;default&#8221; scene_position=&#8221;center&#8221; text_color=&#8221;light&#8221; text_align=&#8221;left&#8221; row_border_radius=&#8221;none&#8221; row_border_radius_applies=&#8221;bg&#8221; overflow=&#8221;visible&#8221; advanced_gradient_angle=&#8221;0&#8243; overlay_strength=&#8221;0.3&#8243; gradient_direction=&#8221;left_to_right&#8221; shape_divider_position=&#8221;bottom&#8221; bg_image_animation=&#8221;none&#8221; shape_type=&#8221;&#8221; gradient_type=&#8221;default&#8221;][vc_column column_padding=&#8221;padding-10-percent&#8221; column_padding_tablet=&#8221;inherit&#8221; column_padding_phone=&#8221;inherit&#8221; column_padding_position=&#8221;all&#8221; column_element_spacing=&#8221;default&#8221; centered_text=&#8221;true&#8221; background_color=&#8221;#2d2d2d&#8221; background_color_opacity=&#8221;0.6&#8243; background_hover_color_opacity=&#8221;0.6&#8243; background_image=&#8221;2114&#8243; background_image_position=&#8221;center center&#8221; enable_bg_scale=&#8221;true&#8221; background_image_loading=&#8221;default&#8221; column_shadow=&#8221;none&#8221; column_border_radius=&#8221;none&#8221; column_link_target=&#8221;_self&#8221; column_position=&#8221;default&#8221;&#8230;<\/p>\n","protected":false},"author":1,"featured_media":0,"parent":0,"menu_order":1,"comment_status":"closed","ping_status":"closed","template":"","meta":{"inline_featured_image":false,"footnotes":""},"class_list":["post-3657","page","type-page","status-publish"],"yoast_head":"<!-- This site is optimized with the Yoast SEO plugin v27.0 - https:\/\/yoast.com\/product\/yoast-seo-wordpress\/ -->\n<title>Accommodations - Villa Gra\u00e7a<\/title>\n<meta name=\"robots\" content=\"index, follow, max-snippet:-1, max-image-preview:large, max-video-preview:-1\" \/>\n<link rel=\"canonical\" href=\"https:\/\/villagraca.pt\/en\/acomodacoes\/\" \/>\n<meta property=\"og:locale\" content=\"en_US\" \/>\n<meta property=\"og:type\" content=\"article\" \/>\n<meta property=\"og:title\" content=\"Accommodations - Villa Gra\u00e7a\" \/>\n<meta property=\"og:description\" content=\"[vc_row type=&#8221;full_width_content&#8221; full_screen_row_position=&#8221;middle&#8221; column_margin=&#8221;default&#8221; equal_height=&#8221;yes&#8221; content_placement=&#8221;middle&#8221; column_direction=&#8221;default&#8221; column_direction_tablet=&#8221;default&#8221; column_direction_phone=&#8221;default&#8221; scene_position=&#8221;center&#8221; text_color=&#8221;light&#8221; text_align=&#8221;left&#8221; row_border_radius=&#8221;none&#8221; row_border_radius_applies=&#8221;bg&#8221; overflow=&#8221;visible&#8221; advanced_gradient_angle=&#8221;0&#8243; overlay_strength=&#8221;0.3&#8243; gradient_direction=&#8221;left_to_right&#8221; shape_divider_position=&#8221;bottom&#8221; bg_image_animation=&#8221;none&#8221; shape_type=&#8221;&#8221; gradient_type=&#8221;default&#8221;][vc_column column_padding=&#8221;padding-10-percent&#8221; column_padding_tablet=&#8221;inherit&#8221; column_padding_phone=&#8221;inherit&#8221; column_padding_position=&#8221;all&#8221; column_element_spacing=&#8221;default&#8221; centered_text=&#8221;true&#8221; background_color=&#8221;#2d2d2d&#8221; background_color_opacity=&#8221;0.6&#8243; background_hover_color_opacity=&#8221;0.6&#8243; background_image=&#8221;2114&#8243; background_image_position=&#8221;center center&#8221; enable_bg_scale=&#8221;true&#8221; background_image_loading=&#8221;default&#8221; column_shadow=&#8221;none&#8221; column_border_radius=&#8221;none&#8221; column_link_target=&#8221;_self&#8221; column_position=&#8221;default&#8221;...\" \/>\n<meta property=\"og:url\" content=\"https:\/\/villagraca.pt\/en\/acomodacoes\/\" \/>\n<meta property=\"og:site_name\" content=\"Villa Gra\u00e7a\" \/>\n<meta property=\"article:publisher\" content=\"https:\/\/www.facebook.com\/villagraca.str\" \/>\n<meta property=\"article:modified_time\" content=\"2022-06-27T21:36:39+00:00\" \/>\n<meta property=\"og:image\" content=\"https:\/\/villagraca.pt\/wp-content\/uploads\/2023\/02\/villa-icon1.png\" \/>\n\t<meta property=\"og:image:width\" content=\"392\" \/>\n\t<meta property=\"og:image:height\" content=\"392\" \/>\n\t<meta property=\"og:image:type\" content=\"image\/png\" \/>\n<meta name=\"twitter:card\" content=\"summary_large_image\" \/>\n<meta name=\"twitter:label1\" content=\"Est. reading time\" \/>\n\t<meta name=\"twitter:data1\" content=\"3 minutes\" \/>\n<script type=\"application\/ld+json\" class=\"yoast-schema-graph\">{\"@context\":\"https:\/\/schema.org\",\"@graph\":[{\"@type\":\"WebPage\",\"@id\":\"https:\/\/villagraca.pt\/en\/acomodacoes\/\",\"url\":\"https:\/\/villagraca.pt\/en\/acomodacoes\/\",\"name\":\"Accommodations - Villa Gra\u00e7a\",\"isPartOf\":{\"@id\":\"https:\/\/villagraca.pt\/#website\"},\"datePublished\":\"2022-06-22T12:12:56+00:00\",\"dateModified\":\"2022-06-27T21:36:39+00:00\",\"breadcrumb\":{\"@id\":\"https:\/\/villagraca.pt\/en\/acomodacoes\/#breadcrumb\"},\"inLanguage\":\"en-US\",\"potentialAction\":[{\"@type\":\"ReadAction\",\"target\":[\"https:\/\/villagraca.pt\/en\/acomodacoes\/\"]}]},{\"@type\":\"BreadcrumbList\",\"@id\":\"https:\/\/villagraca.pt\/en\/acomodacoes\/#breadcrumb\",\"itemListElement\":[{\"@type\":\"ListItem\",\"position\":1,\"name\":\"In\u00edcio\",\"item\":\"https:\/\/villagraca.pt\/en\/home-page-villa-graca\/\"},{\"@type\":\"ListItem\",\"position\":2,\"name\":\"Accommodations\"}]},{\"@type\":\"WebSite\",\"@id\":\"https:\/\/villagraca.pt\/#website\",\"url\":\"https:\/\/villagraca.pt\/\",\"name\":\"Villa Gra\u00e7a - Apartments & Hostels\",\"description\":\"Um ref\u00fagio encantador em Santar\u00e9m, Portugal. Oferecemos acomoda\u00e7\u00f5es confort\u00e1veis em apartamentos e quartos, perfeitos para uma escapada relaxante.\",\"publisher\":{\"@id\":\"https:\/\/villagraca.pt\/#organization\"},\"potentialAction\":[{\"@type\":\"SearchAction\",\"target\":{\"@type\":\"EntryPoint\",\"urlTemplate\":\"https:\/\/villagraca.pt\/?s={search_term_string}\"},\"query-input\":{\"@type\":\"PropertyValueSpecification\",\"valueRequired\":true,\"valueName\":\"search_term_string\"}}],\"inLanguage\":\"en-US\"},{\"@type\":\"Organization\",\"@id\":\"https:\/\/villagraca.pt\/#organization\",\"name\":\"Villa Gra\u00e7a - Apartments & Hostels\",\"url\":\"https:\/\/villagraca.pt\/\",\"logo\":{\"@type\":\"ImageObject\",\"inLanguage\":\"en-US\",\"@id\":\"https:\/\/villagraca.pt\/#\/schema\/logo\/image\/\",\"url\":\"https:\/\/villagraca.pt\/wp-content\/uploads\/2022\/06\/Asset-3.svg\",\"contentUrl\":\"https:\/\/villagraca.pt\/wp-content\/uploads\/2022\/06\/Asset-3.svg\",\"width\":\"1024\",\"height\":\"1024\",\"caption\":\"Villa Gra\u00e7a - Apartments & Hostels\"},\"image\":{\"@id\":\"https:\/\/villagraca.pt\/#\/schema\/logo\/image\/\"},\"sameAs\":[\"https:\/\/www.facebook.com\/villagraca.str\",\"https:\/\/instagram.com\/villa_graca\",\"https:\/\/www.tripadvisor.pt\/Hotel_Review-g659913-d21379367-Reviews-Villa_Graca_Hostels_and_Apartments-Santarem_Santarem_District_Central_Portugal.html\"]}]}<\/script>\n<!-- \/ Yoast SEO plugin. -->","yoast_head_json":{"title":"Accommodations - Villa Gra\u00e7a","robots":{"index":"index","follow":"follow","max-snippet":"max-snippet:-1","max-image-preview":"max-image-preview:large","max-video-preview":"max-video-preview:-1"},"canonical":"https:\/\/villagraca.pt\/en\/acomodacoes\/","og_locale":"en_US","og_type":"article","og_title":"Accommodations - Villa Gra\u00e7a","og_description":"[vc_row type=&#8221;full_width_content&#8221; full_screen_row_position=&#8221;middle&#8221; column_margin=&#8221;default&#8221; equal_height=&#8221;yes&#8221; content_placement=&#8221;middle&#8221; column_direction=&#8221;default&#8221; column_direction_tablet=&#8221;default&#8221; column_direction_phone=&#8221;default&#8221; scene_position=&#8221;center&#8221; text_color=&#8221;light&#8221; text_align=&#8221;left&#8221; row_border_radius=&#8221;none&#8221; row_border_radius_applies=&#8221;bg&#8221; overflow=&#8221;visible&#8221; advanced_gradient_angle=&#8221;0&#8243; overlay_strength=&#8221;0.3&#8243; gradient_direction=&#8221;left_to_right&#8221; shape_divider_position=&#8221;bottom&#8221; bg_image_animation=&#8221;none&#8221; shape_type=&#8221;&#8221; gradient_type=&#8221;default&#8221;][vc_column column_padding=&#8221;padding-10-percent&#8221; column_padding_tablet=&#8221;inherit&#8221; column_padding_phone=&#8221;inherit&#8221; column_padding_position=&#8221;all&#8221; column_element_spacing=&#8221;default&#8221; centered_text=&#8221;true&#8221; background_color=&#8221;#2d2d2d&#8221; background_color_opacity=&#8221;0.6&#8243; background_hover_color_opacity=&#8221;0.6&#8243; background_image=&#8221;2114&#8243; background_image_position=&#8221;center center&#8221; enable_bg_scale=&#8221;true&#8221; background_image_loading=&#8221;default&#8221; column_shadow=&#8221;none&#8221; column_border_radius=&#8221;none&#8221; column_link_target=&#8221;_self&#8221; column_position=&#8221;default&#8221;...","og_url":"https:\/\/villagraca.pt\/en\/acomodacoes\/","og_site_name":"Villa Gra\u00e7a","article_publisher":"https:\/\/www.facebook.com\/villagraca.str","article_modified_time":"2022-06-27T21:36:39+00:00","og_image":[{"width":392,"height":392,"url":"https:\/\/villagraca.pt\/wp-content\/uploads\/2023\/02\/villa-icon1.png","type":"image\/png"}],"twitter_card":"summary_large_image","twitter_misc":{"Est. reading time":"3 minutes"},"schema":{"@context":"https:\/\/schema.org","@graph":[{"@type":"WebPage","@id":"https:\/\/villagraca.pt\/en\/acomodacoes\/","url":"https:\/\/villagraca.pt\/en\/acomodacoes\/","name":"Accommodations - Villa Gra\u00e7a","isPartOf":{"@id":"https:\/\/villagraca.pt\/#website"},"datePublished":"2022-06-22T12:12:56+00:00","dateModified":"2022-06-27T21:36:39+00:00","breadcrumb":{"@id":"https:\/\/villagraca.pt\/en\/acomodacoes\/#breadcrumb"},"inLanguage":"en-US","potentialAction":[{"@type":"ReadAction","target":["https:\/\/villagraca.pt\/en\/acomodacoes\/"]}]},{"@type":"BreadcrumbList","@id":"https:\/\/villagraca.pt\/en\/acomodacoes\/#breadcrumb","itemListElement":[{"@type":"ListItem","position":1,"name":"In\u00edcio","item":"https:\/\/villagraca.pt\/en\/home-page-villa-graca\/"},{"@type":"ListItem","position":2,"name":"Accommodations"}]},{"@type":"WebSite","@id":"https:\/\/villagraca.pt\/#website","url":"https:\/\/villagraca.pt\/","name":"Villa Gra\u00e7a - Apartments & Hostels","description":"Um ref\u00fagio encantador em Santar\u00e9m, Portugal. Oferecemos acomoda\u00e7\u00f5es confort\u00e1veis em apartamentos e quartos, perfeitos para uma escapada relaxante.","publisher":{"@id":"https:\/\/villagraca.pt\/#organization"},"potentialAction":[{"@type":"SearchAction","target":{"@type":"EntryPoint","urlTemplate":"https:\/\/villagraca.pt\/?s={search_term_string}"},"query-input":{"@type":"PropertyValueSpecification","valueRequired":true,"valueName":"search_term_string"}}],"inLanguage":"en-US"},{"@type":"Organization","@id":"https:\/\/villagraca.pt\/#organization","name":"Villa Gra\u00e7a - Apartments & Hostels","url":"https:\/\/villagraca.pt\/","logo":{"@type":"ImageObject","inLanguage":"en-US","@id":"https:\/\/villagraca.pt\/#\/schema\/logo\/image\/","url":"https:\/\/villagraca.pt\/wp-content\/uploads\/2022\/06\/Asset-3.svg","contentUrl":"https:\/\/villagraca.pt\/wp-content\/uploads\/2022\/06\/Asset-3.svg","width":"1024","height":"1024","caption":"Villa Gra\u00e7a - Apartments & Hostels"},"image":{"@id":"https:\/\/villagraca.pt\/#\/schema\/logo\/image\/"},"sameAs":["https:\/\/www.facebook.com\/villagraca.str","https:\/\/instagram.com\/villa_graca","https:\/\/www.tripadvisor.pt\/Hotel_Review-g659913-d21379367-Reviews-Villa_Graca_Hostels_and_Apartments-Santarem_Santarem_District_Central_Portugal.html"]}]}},"_links":{"self":[{"href":"https:\/\/villagraca.pt\/en\/wp-json\/wp\/v2\/pages\/3657","targetHints":{"allow":["GET"]}}],"collection":[{"href":"https:\/\/villagraca.pt\/en\/wp-json\/wp\/v2\/pages"}],"about":[{"href":"https:\/\/villagraca.pt\/en\/wp-json\/wp\/v2\/types\/page"}],"author":[{"embeddable":true,"href":"https:\/\/villagraca.pt\/en\/wp-json\/wp\/v2\/users\/1"}],"replies":[{"embeddable":true,"href":"https:\/\/villagraca.pt\/en\/wp-json\/wp\/v2\/comments?post=3657"}],"version-history":[{"count":5,"href":"https:\/\/villagraca.pt\/en\/wp-json\/wp\/v2\/pages\/3657\/revisions"}],"predecessor-version":[{"id":3668,"href":"https:\/\/villagraca.pt\/en\/wp-json\/wp\/v2\/pages\/3657\/revisions\/3668"}],"wp:attachment":[{"href":"https:\/\/villagraca.pt\/en\/wp-json\/wp\/v2\/media?parent=3657"}],"curies":[{"name":"wp","href":"https:\/\/api.w.org\/{rel}","templated":true}]}}