{"id":3664,"date":"2022-06-22T12:12:56","date_gmt":"2022-06-22T12:12:56","guid":{"rendered":"https:\/\/villagraca.pt\/alojamientos\/"},"modified":"2022-06-27T21:41:18","modified_gmt":"2022-06-27T21:41:18","slug":"alojamientos","status":"publish","type":"page","link":"https:\/\/villagraca.pt\/es\/alojamientos\/","title":{"rendered":"Alojamientos"},"content":{"rendered":"[vc_row type=\u00bbfull_width_content\u00bb full_screen_row_position=\u00bbmiddle\u00bb column_margin=\u00bbdefault\u00bb equal_height=\u00bbyes\u00bb content_placement=\u00bbmiddle\u00bb column_direction=\u00bbdefault\u00bb column_direction_tablet=\u00bbdefault\u00bb column_direction_phone=\u00bbdefault\u00bb scene_position=\u00bbcenter\u00bb text_color=\u00bblight\u00bb text_align=\u00bbleft\u00bb row_border_radius=\u00bbnone\u00bb row_border_radius_applies=\u00bbbg\u00bb overflow=\u00bbvisible\u00bb advanced_gradient_angle=\u00bb0&#8243; overlay_strength=\u00bb0.3&#8243; gradient_direction=\u00bbleft_to_right\u00bb shape_divider_position=\u00bbbottom\u00bb bg_image_animation=\u00bbnone\u00bb shape_type=\u00bb\u00bb gradient_type=\u00bbdefault\u00bb][vc_column column_padding=\u00bbpadding-10-percent\u00bb column_padding_tablet=\u00bbinherit\u00bb column_padding_phone=\u00bbinherit\u00bb column_padding_position=\u00bball\u00bb column_element_spacing=\u00bbdefault\u00bb centered_text=\u00bbtrue\u00bb background_color=\u00bb#2d2d2d\u00bb background_color_opacity=\u00bb0.6&#8243; background_hover_color_opacity=\u00bb0.6&#8243; background_image=\u00bb2114&#8243; background_image_position=\u00bbcenter center\u00bb enable_bg_scale=\u00bbtrue\u00bb background_image_loading=\u00bbdefault\u00bb column_shadow=\u00bbnone\u00bb column_border_radius=\u00bbnone\u00bb column_link_target=\u00bb_self\u00bb column_position=\u00bbdefault\u00bb advanced_gradient_angle=\u00bb0&#8243; gradient_direction=\u00bbleft_to_right\u00bb overlay_strength=\u00bb0.3&#8243; width=\u00bb1\/3&#8243; tablet_width_inherit=\u00bbdefault\u00bb tablet_text_alignment=\u00bbdefault\u00bb phone_text_alignment=\u00bbdefault\u00bb animation_type=\u00bbdefault\u00bb bg_image_animation=\u00bbzoom-out-slow\u00bb parallax_bg=\u00bbtrue\u00bb parallax_bg_speed=\u00bbmedium\u00bb border_type=\u00bbsimple\u00bb column_border_width=\u00bbnone\u00bb column_border_style=\u00bbsolid\u00bb gradient_type=\u00bbdefault\u00bb][vc_custom_heading text=\u00bbApartamentos\u00bb font_container=\u00bbtag:h5|text_align:center|color:%23ffffff\u00bb use_theme_fonts=\u00bbyes\u00bb][nectar_btn size=\u00bblarge\u00bb button_style=\u00bbsee-through-2&#8243; hover_text_color_override=\u00bb#ffffff\u00bb icon_family=\u00bbnone\u00bb url=\u00bbhttps:\/\/villagraca.pt\/apartamentos\/\u00bb text=\u00bbVer\u00bb margin_top=\u00bb25&#8243;][\/vc_column][vc_column column_padding=\u00bbpadding-10-percent\u00bb column_padding_tablet=\u00bbinherit\u00bb column_padding_phone=\u00bbinherit\u00bb column_padding_position=\u00bball\u00bb column_element_spacing=\u00bbdefault\u00bb centered_text=\u00bbtrue\u00bb background_color=\u00bb#0a0a0a\u00bb background_color_opacity=\u00bb0.3&#8243; background_color_hover=\u00bb#0a0a0a\u00bb background_hover_color_opacity=\u00bb0.3&#8243; background_image=\u00bb1378&#8243; background_image_position=\u00bbcenter center\u00bb enable_bg_scale=\u00bbtrue\u00bb background_image_loading=\u00bbdefault\u00bb column_shadow=\u00bbnone\u00bb column_border_radius=\u00bbnone\u00bb column_link_target=\u00bb_self\u00bb column_position=\u00bbdefault\u00bb advanced_gradient_angle=\u00bb0&#8243; gradient_direction=\u00bbleft_to_right\u00bb overlay_strength=\u00bb0.3&#8243; width=\u00bb1\/3&#8243; tablet_width_inherit=\u00bbdefault\u00bb tablet_text_alignment=\u00bbdefault\u00bb phone_text_alignment=\u00bbdefault\u00bb animation_type=\u00bbdefault\u00bb enable_animation=\u00bbtrue\u00bb animation=\u00bbgrow-in\u00bb bg_image_animation=\u00bbzoom-out-slow\u00bb parallax_bg=\u00bbtrue\u00bb parallax_bg_speed=\u00bbmedium\u00bb border_type=\u00bbsimple\u00bb column_border_width=\u00bbnone\u00bb column_border_style=\u00bbsolid\u00bb delay=\u00bb50&#8243; gradient_type=\u00bbdefault\u00bb][vc_custom_heading text=\u00bbDormitorios\u00bb font_container=\u00bbtag:h5|text_align:center|color:%23ffffff\u00bb use_theme_fonts=\u00bbyes\u00bb][nectar_btn size=\u00bblarge\u00bb button_style=\u00bbsee-through-2&#8243; hover_text_color_override=\u00bb#ffffff\u00bb icon_family=\u00bbnone\u00bb url=\u00bbhttps:\/\/villagraca.pt\/apartamentos\/\u00bb text=\u00bbVer\u00bb margin_top=\u00bb25&#8243;][\/vc_column][vc_column column_padding=\u00bbpadding-10-percent\u00bb column_padding_tablet=\u00bbinherit\u00bb column_padding_phone=\u00bbinherit\u00bb column_padding_position=\u00bball\u00bb column_element_spacing=\u00bbdefault\u00bb centered_text=\u00bbtrue\u00bb background_color=\u00bb#2d2d2d\u00bb background_color_opacity=\u00bb0.7&#8243; background_hover_color_opacity=\u00bb0.7&#8243; background_image=\u00bb1314&#8243; background_image_position=\u00bbcenter center\u00bb enable_bg_scale=\u00bbtrue\u00bb background_image_loading=\u00bbdefault\u00bb column_shadow=\u00bbnone\u00bb column_border_radius=\u00bbnone\u00bb column_link_target=\u00bb_self\u00bb column_position=\u00bbdefault\u00bb advanced_gradient_angle=\u00bb0&#8243; gradient_direction=\u00bbleft_to_right\u00bb overlay_strength=\u00bb0.3&#8243; width=\u00bb1\/3&#8243; tablet_width_inherit=\u00bbdefault\u00bb tablet_text_alignment=\u00bbdefault\u00bb phone_text_alignment=\u00bbdefault\u00bb animation_type=\u00bbdefault\u00bb enable_animation=\u00bbtrue\u00bb animation=\u00bbzoom-out\u00bb bg_image_animation=\u00bbzoom-out-slow\u00bb border_type=\u00bbsimple\u00bb column_border_width=\u00bbnone\u00bb column_border_style=\u00bbsolid\u00bb delay=\u00bb100&#8243; gradient_type=\u00bbdefault\u00bb][vc_custom_heading text=\u00bbSalas | Hostal\u00bb font_container=\u00bbtag:h5|text_align:center|color:%23ffffff\u00bb use_theme_fonts=\u00bbyes\u00bb][nectar_btn size=\u00bblarge\u00bb button_style=\u00bbsee-through-2&#8243; hover_text_color_override=\u00bb#ffffff\u00bb icon_family=\u00bbnone\u00bb url=\u00bbhttps:\/\/villagraca.pt\/hostel\/\u00bb text=\u00bbVer\u00bb margin_top=\u00bb25&#8243;][\/vc_column][\/vc_row]\n","protected":false},"excerpt":{"rendered":"<p>[vc_row type=\u00bbfull_width_content\u00bb full_screen_row_position=\u00bbmiddle\u00bb column_margin=\u00bbdefault\u00bb equal_height=\u00bbyes\u00bb content_placement=\u00bbmiddle\u00bb column_direction=\u00bbdefault\u00bb column_direction_tablet=\u00bbdefault\u00bb column_direction_phone=\u00bbdefault\u00bb scene_position=\u00bbcenter\u00bb text_color=\u00bblight\u00bb text_align=\u00bbleft\u00bb row_border_radius=\u00bbnone\u00bb row_border_radius_applies=\u00bbbg\u00bb overflow=\u00bbvisible\u00bb advanced_gradient_angle=\u00bb0&#8243; overlay_strength=\u00bb0.3&#8243; gradient_direction=\u00bbleft_to_right\u00bb shape_divider_position=\u00bbbottom\u00bb bg_image_animation=\u00bbnone\u00bb shape_type=\u00bb\u00bb gradient_type=\u00bbdefault\u00bb][vc_column column_padding=\u00bbpadding-10-percent\u00bb column_padding_tablet=\u00bbinherit\u00bb column_padding_phone=\u00bbinherit\u00bb column_padding_position=\u00bball\u00bb column_element_spacing=\u00bbdefault\u00bb centered_text=\u00bbtrue\u00bb background_color=\u00bb#2d2d2d\u00bb background_color_opacity=\u00bb0.6&#8243; background_hover_color_opacity=\u00bb0.6&#8243; background_image=\u00bb2114&#8243; background_image_position=\u00bbcenter center\u00bb enable_bg_scale=\u00bbtrue\u00bb background_image_loading=\u00bbdefault\u00bb column_shadow=\u00bbnone\u00bb column_border_radius=\u00bbnone\u00bb column_link_target=\u00bb_self\u00bb column_position=\u00bbdefault\u00bb&#8230;<\/p>\n","protected":false},"author":1,"featured_media":0,"parent":0,"menu_order":0,"comment_status":"closed","ping_status":"closed","template":"","meta":{"inline_featured_image":false,"footnotes":""},"class_list":["post-3664","page","type-page","status-publish"],"yoast_head":"<!-- This site is optimized with the Yoast SEO plugin v27.0 - https:\/\/yoast.com\/product\/yoast-seo-wordpress\/ -->\n<title>Alojamientos - Villa Gra\u00e7a<\/title>\n<meta name=\"robots\" content=\"index, follow, max-snippet:-1, max-image-preview:large, max-video-preview:-1\" \/>\n<link rel=\"canonical\" href=\"https:\/\/villagraca.pt\/es\/alojamientos\/\" \/>\n<meta property=\"og:locale\" content=\"es_ES\" \/>\n<meta property=\"og:type\" content=\"article\" \/>\n<meta property=\"og:title\" content=\"Alojamientos - Villa Gra\u00e7a\" \/>\n<meta property=\"og:description\" content=\"[vc_row type=\u00bbfull_width_content\u00bb full_screen_row_position=\u00bbmiddle\u00bb column_margin=\u00bbdefault\u00bb equal_height=\u00bbyes\u00bb content_placement=\u00bbmiddle\u00bb column_direction=\u00bbdefault\u00bb column_direction_tablet=\u00bbdefault\u00bb column_direction_phone=\u00bbdefault\u00bb scene_position=\u00bbcenter\u00bb text_color=\u00bblight\u00bb text_align=\u00bbleft\u00bb row_border_radius=\u00bbnone\u00bb row_border_radius_applies=\u00bbbg\u00bb overflow=\u00bbvisible\u00bb advanced_gradient_angle=\u00bb0&#8243; overlay_strength=\u00bb0.3&#8243; gradient_direction=\u00bbleft_to_right\u00bb shape_divider_position=\u00bbbottom\u00bb bg_image_animation=\u00bbnone\u00bb shape_type=\u00bb\u00bb gradient_type=\u00bbdefault\u00bb][vc_column column_padding=\u00bbpadding-10-percent\u00bb column_padding_tablet=\u00bbinherit\u00bb column_padding_phone=\u00bbinherit\u00bb column_padding_position=\u00bball\u00bb column_element_spacing=\u00bbdefault\u00bb centered_text=\u00bbtrue\u00bb background_color=\u00bb#2d2d2d\u00bb background_color_opacity=\u00bb0.6&#8243; background_hover_color_opacity=\u00bb0.6&#8243; background_image=\u00bb2114&#8243; background_image_position=\u00bbcenter center\u00bb enable_bg_scale=\u00bbtrue\u00bb background_image_loading=\u00bbdefault\u00bb column_shadow=\u00bbnone\u00bb column_border_radius=\u00bbnone\u00bb column_link_target=\u00bb_self\u00bb column_position=\u00bbdefault\u00bb...\" \/>\n<meta property=\"og:url\" content=\"https:\/\/villagraca.pt\/es\/alojamientos\/\" \/>\n<meta property=\"og:site_name\" content=\"Villa Gra\u00e7a\" \/>\n<meta property=\"article:publisher\" content=\"https:\/\/www.facebook.com\/villagraca.str\" \/>\n<meta property=\"article:modified_time\" content=\"2022-06-27T21:41:18+00:00\" \/>\n<meta property=\"og:image\" content=\"https:\/\/villagraca.pt\/wp-content\/uploads\/2023\/02\/villa-icon1.png\" \/>\n\t<meta property=\"og:image:width\" content=\"392\" \/>\n\t<meta property=\"og:image:height\" content=\"392\" \/>\n\t<meta property=\"og:image:type\" content=\"image\/png\" \/>\n<meta name=\"twitter:card\" content=\"summary_large_image\" \/>\n<meta name=\"twitter:label1\" content=\"Tiempo de lectura\" \/>\n\t<meta name=\"twitter:data1\" content=\"3 minutos\" \/>\n<script type=\"application\/ld+json\" class=\"yoast-schema-graph\">{\"@context\":\"https:\/\/schema.org\",\"@graph\":[{\"@type\":\"WebPage\",\"@id\":\"https:\/\/villagraca.pt\/es\/alojamientos\/\",\"url\":\"https:\/\/villagraca.pt\/es\/alojamientos\/\",\"name\":\"Alojamientos - Villa Gra\u00e7a\",\"isPartOf\":{\"@id\":\"https:\/\/villagraca.pt\/#website\"},\"datePublished\":\"2022-06-22T12:12:56+00:00\",\"dateModified\":\"2022-06-27T21:41:18+00:00\",\"breadcrumb\":{\"@id\":\"https:\/\/villagraca.pt\/es\/alojamientos\/#breadcrumb\"},\"inLanguage\":\"es\",\"potentialAction\":[{\"@type\":\"ReadAction\",\"target\":[\"https:\/\/villagraca.pt\/es\/alojamientos\/\"]}]},{\"@type\":\"BreadcrumbList\",\"@id\":\"https:\/\/villagraca.pt\/es\/alojamientos\/#breadcrumb\",\"itemListElement\":[{\"@type\":\"ListItem\",\"position\":1,\"name\":\"In\u00edcio\",\"item\":\"https:\/\/villagraca.pt\/es\/home-page-villa-graca\/\"},{\"@type\":\"ListItem\",\"position\":2,\"name\":\"Alojamientos\"}]},{\"@type\":\"WebSite\",\"@id\":\"https:\/\/villagraca.pt\/#website\",\"url\":\"https:\/\/villagraca.pt\/\",\"name\":\"Villa Gra\u00e7a - Apartments & Hostels\",\"description\":\"Um ref\u00fagio encantador em Santar\u00e9m, Portugal. Oferecemos acomoda\u00e7\u00f5es confort\u00e1veis em apartamentos e quartos, perfeitos para uma escapada relaxante.\",\"publisher\":{\"@id\":\"https:\/\/villagraca.pt\/#organization\"},\"potentialAction\":[{\"@type\":\"SearchAction\",\"target\":{\"@type\":\"EntryPoint\",\"urlTemplate\":\"https:\/\/villagraca.pt\/?s={search_term_string}\"},\"query-input\":{\"@type\":\"PropertyValueSpecification\",\"valueRequired\":true,\"valueName\":\"search_term_string\"}}],\"inLanguage\":\"es\"},{\"@type\":\"Organization\",\"@id\":\"https:\/\/villagraca.pt\/#organization\",\"name\":\"Villa Gra\u00e7a - Apartments & Hostels\",\"url\":\"https:\/\/villagraca.pt\/\",\"logo\":{\"@type\":\"ImageObject\",\"inLanguage\":\"es\",\"@id\":\"https:\/\/villagraca.pt\/#\/schema\/logo\/image\/\",\"url\":\"https:\/\/villagraca.pt\/wp-content\/uploads\/2022\/06\/Asset-3.svg\",\"contentUrl\":\"https:\/\/villagraca.pt\/wp-content\/uploads\/2022\/06\/Asset-3.svg\",\"width\":\"1024\",\"height\":\"1024\",\"caption\":\"Villa Gra\u00e7a - Apartments & Hostels\"},\"image\":{\"@id\":\"https:\/\/villagraca.pt\/#\/schema\/logo\/image\/\"},\"sameAs\":[\"https:\/\/www.facebook.com\/villagraca.str\",\"https:\/\/instagram.com\/villa_graca\",\"https:\/\/www.tripadvisor.pt\/Hotel_Review-g659913-d21379367-Reviews-Villa_Graca_Hostels_and_Apartments-Santarem_Santarem_District_Central_Portugal.html\"]}]}<\/script>\n<!-- \/ Yoast SEO plugin. -->","yoast_head_json":{"title":"Alojamientos - Villa Gra\u00e7a","robots":{"index":"index","follow":"follow","max-snippet":"max-snippet:-1","max-image-preview":"max-image-preview:large","max-video-preview":"max-video-preview:-1"},"canonical":"https:\/\/villagraca.pt\/es\/alojamientos\/","og_locale":"es_ES","og_type":"article","og_title":"Alojamientos - Villa Gra\u00e7a","og_description":"[vc_row type=\u00bbfull_width_content\u00bb full_screen_row_position=\u00bbmiddle\u00bb column_margin=\u00bbdefault\u00bb equal_height=\u00bbyes\u00bb content_placement=\u00bbmiddle\u00bb column_direction=\u00bbdefault\u00bb column_direction_tablet=\u00bbdefault\u00bb column_direction_phone=\u00bbdefault\u00bb scene_position=\u00bbcenter\u00bb text_color=\u00bblight\u00bb text_align=\u00bbleft\u00bb row_border_radius=\u00bbnone\u00bb row_border_radius_applies=\u00bbbg\u00bb overflow=\u00bbvisible\u00bb advanced_gradient_angle=\u00bb0&#8243; overlay_strength=\u00bb0.3&#8243; gradient_direction=\u00bbleft_to_right\u00bb shape_divider_position=\u00bbbottom\u00bb bg_image_animation=\u00bbnone\u00bb shape_type=\u00bb\u00bb gradient_type=\u00bbdefault\u00bb][vc_column column_padding=\u00bbpadding-10-percent\u00bb column_padding_tablet=\u00bbinherit\u00bb column_padding_phone=\u00bbinherit\u00bb column_padding_position=\u00bball\u00bb column_element_spacing=\u00bbdefault\u00bb centered_text=\u00bbtrue\u00bb background_color=\u00bb#2d2d2d\u00bb background_color_opacity=\u00bb0.6&#8243; background_hover_color_opacity=\u00bb0.6&#8243; background_image=\u00bb2114&#8243; background_image_position=\u00bbcenter center\u00bb enable_bg_scale=\u00bbtrue\u00bb background_image_loading=\u00bbdefault\u00bb column_shadow=\u00bbnone\u00bb column_border_radius=\u00bbnone\u00bb column_link_target=\u00bb_self\u00bb column_position=\u00bbdefault\u00bb...","og_url":"https:\/\/villagraca.pt\/es\/alojamientos\/","og_site_name":"Villa Gra\u00e7a","article_publisher":"https:\/\/www.facebook.com\/villagraca.str","article_modified_time":"2022-06-27T21:41:18+00:00","og_image":[{"width":392,"height":392,"url":"https:\/\/villagraca.pt\/wp-content\/uploads\/2023\/02\/villa-icon1.png","type":"image\/png"}],"twitter_card":"summary_large_image","twitter_misc":{"Tiempo de lectura":"3 minutos"},"schema":{"@context":"https:\/\/schema.org","@graph":[{"@type":"WebPage","@id":"https:\/\/villagraca.pt\/es\/alojamientos\/","url":"https:\/\/villagraca.pt\/es\/alojamientos\/","name":"Alojamientos - Villa Gra\u00e7a","isPartOf":{"@id":"https:\/\/villagraca.pt\/#website"},"datePublished":"2022-06-22T12:12:56+00:00","dateModified":"2022-06-27T21:41:18+00:00","breadcrumb":{"@id":"https:\/\/villagraca.pt\/es\/alojamientos\/#breadcrumb"},"inLanguage":"es","potentialAction":[{"@type":"ReadAction","target":["https:\/\/villagraca.pt\/es\/alojamientos\/"]}]},{"@type":"BreadcrumbList","@id":"https:\/\/villagraca.pt\/es\/alojamientos\/#breadcrumb","itemListElement":[{"@type":"ListItem","position":1,"name":"In\u00edcio","item":"https:\/\/villagraca.pt\/es\/home-page-villa-graca\/"},{"@type":"ListItem","position":2,"name":"Alojamientos"}]},{"@type":"WebSite","@id":"https:\/\/villagraca.pt\/#website","url":"https:\/\/villagraca.pt\/","name":"Villa Gra\u00e7a - Apartments & Hostels","description":"Um ref\u00fagio encantador em Santar\u00e9m, Portugal. Oferecemos acomoda\u00e7\u00f5es confort\u00e1veis em apartamentos e quartos, perfeitos para uma escapada relaxante.","publisher":{"@id":"https:\/\/villagraca.pt\/#organization"},"potentialAction":[{"@type":"SearchAction","target":{"@type":"EntryPoint","urlTemplate":"https:\/\/villagraca.pt\/?s={search_term_string}"},"query-input":{"@type":"PropertyValueSpecification","valueRequired":true,"valueName":"search_term_string"}}],"inLanguage":"es"},{"@type":"Organization","@id":"https:\/\/villagraca.pt\/#organization","name":"Villa Gra\u00e7a - Apartments & Hostels","url":"https:\/\/villagraca.pt\/","logo":{"@type":"ImageObject","inLanguage":"es","@id":"https:\/\/villagraca.pt\/#\/schema\/logo\/image\/","url":"https:\/\/villagraca.pt\/wp-content\/uploads\/2022\/06\/Asset-3.svg","contentUrl":"https:\/\/villagraca.pt\/wp-content\/uploads\/2022\/06\/Asset-3.svg","width":"1024","height":"1024","caption":"Villa Gra\u00e7a - Apartments & Hostels"},"image":{"@id":"https:\/\/villagraca.pt\/#\/schema\/logo\/image\/"},"sameAs":["https:\/\/www.facebook.com\/villagraca.str","https:\/\/instagram.com\/villa_graca","https:\/\/www.tripadvisor.pt\/Hotel_Review-g659913-d21379367-Reviews-Villa_Graca_Hostels_and_Apartments-Santarem_Santarem_District_Central_Portugal.html"]}]}},"_links":{"self":[{"href":"https:\/\/villagraca.pt\/es\/wp-json\/wp\/v2\/pages\/3664","targetHints":{"allow":["GET"]}}],"collection":[{"href":"https:\/\/villagraca.pt\/es\/wp-json\/wp\/v2\/pages"}],"about":[{"href":"https:\/\/villagraca.pt\/es\/wp-json\/wp\/v2\/types\/page"}],"author":[{"embeddable":true,"href":"https:\/\/villagraca.pt\/es\/wp-json\/wp\/v2\/users\/1"}],"replies":[{"embeddable":true,"href":"https:\/\/villagraca.pt\/es\/wp-json\/wp\/v2\/comments?post=3664"}],"version-history":[{"count":2,"href":"https:\/\/villagraca.pt\/es\/wp-json\/wp\/v2\/pages\/3664\/revisions"}],"predecessor-version":[{"id":3666,"href":"https:\/\/villagraca.pt\/es\/wp-json\/wp\/v2\/pages\/3664\/revisions\/3666"}],"wp:attachment":[{"href":"https:\/\/villagraca.pt\/es\/wp-json\/wp\/v2\/media?parent=3664"}],"curies":[{"name":"wp","href":"https:\/\/api.w.org\/{rel}","templated":true}]}}