{"id":4719,"date":"2023-01-18T16:31:10","date_gmt":"2023-01-18T16:31:10","guid":{"rendered":"https:\/\/villagraca.pt\/promociones\/"},"modified":"2023-01-18T23:08:32","modified_gmt":"2023-01-18T23:08:32","slug":"promociones","status":"publish","type":"page","link":"https:\/\/villagraca.pt\/es\/ofertas\/promociones\/","title":{"rendered":"Promociones"},"content":{"rendered":"[vc_row type=\u00bbin_container\u00bb full_screen_row_position=\u00bbmiddle\u00bb column_margin=\u00bbdefault\u00bb column_direction=\u00bbdefault\u00bb column_direction_tablet=\u00bbdefault\u00bb column_direction_phone=\u00bbdefault\u00bb scene_position=\u00bbcenter\u00bb top_padding=\u00bb6%\u00bb bottom_padding=\u00bb6%\u00bb text_color=\u00bbdark\u00bb text_align=\u00bbleft\u00bb row_border_radius=\u00bbnone\u00bb row_border_radius_applies=\u00bbbg\u00bb overflow=\u00bbvisible\u00bb overlay_strength=\u00bb0.3&#8243; gradient_direction=\u00bbleft_to_right\u00bb shape_divider_position=\u00bbbottom\u00bb bg_image_animation=\u00bbnone\u00bb gradient_type=\u00bbdefault\u00bb shape_type=\u00bb\u00bb][vc_column column_padding=\u00bbno-extra-padding\u00bb column_padding_tablet=\u00bbinherit\u00bb column_padding_phone=\u00bbinherit\u00bb column_padding_position=\u00bball\u00bb column_element_direction_desktop=\u00bbdefault\u00bb column_element_spacing=\u00bbdefault\u00bb desktop_text_alignment=\u00bbdefault\u00bb tablet_text_alignment=\u00bbdefault\u00bb phone_text_alignment=\u00bbdefault\u00bb background_color_opacity=\u00bb1&#8243; background_hover_color_opacity=\u00bb1&#8243; column_backdrop_filter=\u00bbnone\u00bb column_shadow=\u00bbnone\u00bb column_border_radius=\u00bbnone\u00bb column_link_target=\u00bb_self\u00bb column_position=\u00bbdefault\u00bb gradient_direction=\u00bbleft_to_right\u00bb overlay_strength=\u00bb0.3&#8243; width=\u00bb1\/1&#8243; tablet_width_inherit=\u00bbdefault\u00bb animation_type=\u00bbdefault\u00bb bg_image_animation=\u00bbnone\u00bb border_type=\u00bbsimple\u00bb column_border_width=\u00bbnone\u00bb column_border_style=\u00bbsolid\u00bb]\n\n\n\t\t\t\t<div class=\"portfolio-wrap \">\n\n\t\t\t\t\t\n\t\t\t\t\t<span class=\"portfolio-loading  none\">   <\/span>\n\n\t\t\t\t\t\n\t\t\t\t\t<div class=\"row portfolio-items no-masonry  \" data-rcp=\"false\" data-masonry-type=\"default\" data-ps=\"9\" data-starting-filter=\"\" data-gutter=\"default\" data-categories-to-show=\"promocoes\" data-bypass-cropping=\"true\" data-lightbox-only=\"0\" data-col-num=\"cols-3\">\n\t\t\t\t\t\t\n\t\t\t\t\t\t\n\t\t\t\t\t\t<div class=\"col span_4  element promociones \"  data-project-cat=\"promociones \" data-default-color=\"true\" data-title-color=\"\" data-subtitle-color=\"\">\n\n\t\t\t\t\t\t\t<div class=\"inner-wrap animated\" data-animation=\"none\">\n\n\t\t\t\t\t\t\t\t\n\t\t\t\t\t\t\t\t\t<div class=\"work-item style-1\" data-custom-content=\"off\">\n\n\t\t\t\t\t\t\t\t\t\t<img loading=\"lazy\" decoding=\"async\" class=\"size- skip-lazy\" src=\"https:\/\/villagraca.pt\/wp-content\/uploads\/2023\/01\/ValentinesES-scaled.jpg\" alt=\"\" height=\"2560\" width=\"2560\" srcset=\"https:\/\/villagraca.pt\/wp-content\/uploads\/2023\/01\/ValentinesES-scaled.jpg 2560w, https:\/\/villagraca.pt\/wp-content\/uploads\/2023\/01\/ValentinesES-300x300.jpg 300w, https:\/\/villagraca.pt\/wp-content\/uploads\/2023\/01\/ValentinesES-1024x1024.jpg 1024w, https:\/\/villagraca.pt\/wp-content\/uploads\/2023\/01\/ValentinesES-150x150.jpg 150w, https:\/\/villagraca.pt\/wp-content\/uploads\/2023\/01\/ValentinesES-768x768.jpg 768w, https:\/\/villagraca.pt\/wp-content\/uploads\/2023\/01\/ValentinesES-1536x1536.jpg 1536w, https:\/\/villagraca.pt\/wp-content\/uploads\/2023\/01\/ValentinesES-2048x2048.jpg 2048w, https:\/\/villagraca.pt\/wp-content\/uploads\/2023\/01\/ValentinesES-100x100.jpg 100w, https:\/\/villagraca.pt\/wp-content\/uploads\/2023\/01\/ValentinesES-140x140.jpg 140w, https:\/\/villagraca.pt\/wp-content\/uploads\/2023\/01\/ValentinesES-500x500.jpg 500w, https:\/\/villagraca.pt\/wp-content\/uploads\/2023\/01\/ValentinesES-350x350.jpg 350w, https:\/\/villagraca.pt\/wp-content\/uploads\/2023\/01\/ValentinesES-1000x1000.jpg 1000w, https:\/\/villagraca.pt\/wp-content\/uploads\/2023\/01\/ValentinesES-800x800.jpg 800w\" sizes=\"auto, (min-width: 1000px) 33.3vw, (min-width: 690px) 50vw, 100vw\" \/>\n\n\t\t\t\t\t\t\t\t\t\t<div class=\"work-info\">\n\n\n\t\t\t\t\t\t\t\t\t\t\t\n\t\t\t\t\t\t\t\t\t\t\t\t<a href=\"https:\/\/villagraca.pt\/es\/villagraca\/san-valentin\/\"><span class=\"screen-reader-text\">SAN VALENT\u00cdN<\/span><\/a>\n\n\t\t\t\t\t\t\t\t\t\t\t\n\n\t\t\t\t\t\t\t\t\t\t<\/div>\n\n\t\t\t\t\t\t\t\t\t<\/div><!--work-item-->\n\n\t\t\t\t\t\t\t\t\t<div class=\"work-meta\">\n\t\t\t\t\t\t\t\t\t\t<h4 class=\"title\">SAN VALENT\u00cdN<\/h4>\n\n\t\t\t\t\t\t\t\t\t\t<p>Ofertas y paquetes<\/p>\n\t\t\t\t\t\t\t\t\t<\/div>\n\n\n\t\t\t\t\t\t\t\t\n\n\t\t\t\t\t\t\t<\/div><!--\/inner-wrap-->\n\t\t\t\t\t\t<\/div><!--\/col-->\n\n\t\t\t\t\t\n\t\t\t\t<\/div><!--\/portfolio-->\n\t\t\t<\/div><!--\/portfolio wrap-->\n\n\t\t\t[\/vc_column][\/vc_row]\n","protected":false},"excerpt":{"rendered":"<p>[vc_row type=\u00bbin_container\u00bb full_screen_row_position=\u00bbmiddle\u00bb column_margin=\u00bbdefault\u00bb column_direction=\u00bbdefault\u00bb column_direction_tablet=\u00bbdefault\u00bb column_direction_phone=\u00bbdefault\u00bb scene_position=\u00bbcenter\u00bb top_padding=\u00bb6%\u00bb bottom_padding=\u00bb6%\u00bb text_color=\u00bbdark\u00bb text_align=\u00bbleft\u00bb row_border_radius=\u00bbnone\u00bb row_border_radius_applies=\u00bbbg\u00bb overflow=\u00bbvisible\u00bb overlay_strength=\u00bb0.3&#8243; gradient_direction=\u00bbleft_to_right\u00bb shape_divider_position=\u00bbbottom\u00bb bg_image_animation=\u00bbnone\u00bb gradient_type=\u00bbdefault\u00bb shape_type=\u00bb\u00bb][vc_column column_padding=\u00bbno-extra-padding\u00bb column_padding_tablet=\u00bbinherit\u00bb column_padding_phone=\u00bbinherit\u00bb column_padding_position=\u00bball\u00bb column_element_direction_desktop=\u00bbdefault\u00bb column_element_spacing=\u00bbdefault\u00bb desktop_text_alignment=\u00bbdefault\u00bb tablet_text_alignment=\u00bbdefault\u00bb phone_text_alignment=\u00bbdefault\u00bb background_color_opacity=\u00bb1&#8243; background_hover_color_opacity=\u00bb1&#8243; column_backdrop_filter=\u00bbnone\u00bb column_shadow=\u00bbnone\u00bb column_border_radius=\u00bbnone\u00bb column_link_target=\u00bb_self\u00bb column_position=\u00bbdefault\u00bb gradient_direction=\u00bbleft_to_right\u00bb overlay_strength=\u00bb0.3&#8243; width=\u00bb1\/1&#8243;&#8230;<\/p>\n","protected":false},"author":1,"featured_media":0,"parent":3540,"menu_order":0,"comment_status":"closed","ping_status":"closed","template":"","meta":{"inline_featured_image":false,"footnotes":""},"class_list":["post-4719","page","type-page","status-publish"],"yoast_head":"<!-- This site is optimized with the Yoast SEO plugin v27.0 - https:\/\/yoast.com\/product\/yoast-seo-wordpress\/ -->\n<title>Promociones - Villa Gra\u00e7a<\/title>\n<meta name=\"robots\" content=\"index, follow, max-snippet:-1, max-image-preview:large, max-video-preview:-1\" \/>\n<link rel=\"canonical\" href=\"https:\/\/villagraca.pt\/es\/ofertas\/promociones\/\" \/>\n<meta property=\"og:locale\" content=\"es_ES\" \/>\n<meta property=\"og:type\" content=\"article\" \/>\n<meta property=\"og:title\" content=\"Promociones - Villa Gra\u00e7a\" \/>\n<meta property=\"og:description\" content=\"[vc_row type=\u00bbin_container\u00bb full_screen_row_position=\u00bbmiddle\u00bb column_margin=\u00bbdefault\u00bb column_direction=\u00bbdefault\u00bb column_direction_tablet=\u00bbdefault\u00bb column_direction_phone=\u00bbdefault\u00bb scene_position=\u00bbcenter\u00bb top_padding=\u00bb6%\u00bb bottom_padding=\u00bb6%\u00bb text_color=\u00bbdark\u00bb text_align=\u00bbleft\u00bb row_border_radius=\u00bbnone\u00bb row_border_radius_applies=\u00bbbg\u00bb overflow=\u00bbvisible\u00bb overlay_strength=\u00bb0.3&#8243; gradient_direction=\u00bbleft_to_right\u00bb shape_divider_position=\u00bbbottom\u00bb bg_image_animation=\u00bbnone\u00bb gradient_type=\u00bbdefault\u00bb shape_type=\u00bb\u00bb][vc_column column_padding=\u00bbno-extra-padding\u00bb column_padding_tablet=\u00bbinherit\u00bb column_padding_phone=\u00bbinherit\u00bb column_padding_position=\u00bball\u00bb column_element_direction_desktop=\u00bbdefault\u00bb column_element_spacing=\u00bbdefault\u00bb desktop_text_alignment=\u00bbdefault\u00bb tablet_text_alignment=\u00bbdefault\u00bb phone_text_alignment=\u00bbdefault\u00bb background_color_opacity=\u00bb1&#8243; background_hover_color_opacity=\u00bb1&#8243; column_backdrop_filter=\u00bbnone\u00bb column_shadow=\u00bbnone\u00bb column_border_radius=\u00bbnone\u00bb column_link_target=\u00bb_self\u00bb column_position=\u00bbdefault\u00bb gradient_direction=\u00bbleft_to_right\u00bb overlay_strength=\u00bb0.3&#8243; width=\u00bb1\/1&#8243;...\" \/>\n<meta property=\"og:url\" content=\"https:\/\/villagraca.pt\/es\/ofertas\/promociones\/\" \/>\n<meta property=\"og:site_name\" content=\"Villa Gra\u00e7a\" \/>\n<meta property=\"article:publisher\" content=\"https:\/\/www.facebook.com\/villagraca.str\" \/>\n<meta property=\"article:modified_time\" content=\"2023-01-18T23:08:32+00:00\" \/>\n<meta property=\"og:image\" content=\"https:\/\/villagraca.pt\/wp-content\/uploads\/2023\/02\/villa-icon1.png\" \/>\n\t<meta property=\"og:image:width\" content=\"392\" \/>\n\t<meta property=\"og:image:height\" content=\"392\" \/>\n\t<meta property=\"og:image:type\" content=\"image\/png\" \/>\n<meta name=\"twitter:card\" content=\"summary_large_image\" \/>\n<meta name=\"twitter:label1\" content=\"Tiempo de lectura\" \/>\n\t<meta name=\"twitter:data1\" content=\"1 minuto\" \/>\n<script type=\"application\/ld+json\" class=\"yoast-schema-graph\">{\"@context\":\"https:\/\/schema.org\",\"@graph\":[{\"@type\":\"WebPage\",\"@id\":\"https:\/\/villagraca.pt\/es\/ofertas\/promociones\/\",\"url\":\"https:\/\/villagraca.pt\/es\/ofertas\/promociones\/\",\"name\":\"Promociones - Villa Gra\u00e7a\",\"isPartOf\":{\"@id\":\"https:\/\/villagraca.pt\/#website\"},\"datePublished\":\"2023-01-18T16:31:10+00:00\",\"dateModified\":\"2023-01-18T23:08:32+00:00\",\"breadcrumb\":{\"@id\":\"https:\/\/villagraca.pt\/es\/ofertas\/promociones\/#breadcrumb\"},\"inLanguage\":\"es\",\"potentialAction\":[{\"@type\":\"ReadAction\",\"target\":[\"https:\/\/villagraca.pt\/es\/ofertas\/promociones\/\"]}]},{\"@type\":\"BreadcrumbList\",\"@id\":\"https:\/\/villagraca.pt\/es\/ofertas\/promociones\/#breadcrumb\",\"itemListElement\":[{\"@type\":\"ListItem\",\"position\":1,\"name\":\"In\u00edcio\",\"item\":\"https:\/\/villagraca.pt\/es\/home-page-villa-graca\/\"},{\"@type\":\"ListItem\",\"position\":2,\"name\":\"Ofertas\",\"item\":\"https:\/\/villagraca.pt\/es\/ofertas\/\"},{\"@type\":\"ListItem\",\"position\":3,\"name\":\"Promociones\"}]},{\"@type\":\"WebSite\",\"@id\":\"https:\/\/villagraca.pt\/#website\",\"url\":\"https:\/\/villagraca.pt\/\",\"name\":\"Villa Gra\u00e7a - Apartments & Hostels\",\"description\":\"Um ref\u00fagio encantador em Santar\u00e9m, Portugal. Oferecemos acomoda\u00e7\u00f5es confort\u00e1veis em apartamentos e quartos, perfeitos para uma escapada relaxante.\",\"publisher\":{\"@id\":\"https:\/\/villagraca.pt\/#organization\"},\"potentialAction\":[{\"@type\":\"SearchAction\",\"target\":{\"@type\":\"EntryPoint\",\"urlTemplate\":\"https:\/\/villagraca.pt\/?s={search_term_string}\"},\"query-input\":{\"@type\":\"PropertyValueSpecification\",\"valueRequired\":true,\"valueName\":\"search_term_string\"}}],\"inLanguage\":\"es\"},{\"@type\":\"Organization\",\"@id\":\"https:\/\/villagraca.pt\/#organization\",\"name\":\"Villa Gra\u00e7a - Apartments & Hostels\",\"url\":\"https:\/\/villagraca.pt\/\",\"logo\":{\"@type\":\"ImageObject\",\"inLanguage\":\"es\",\"@id\":\"https:\/\/villagraca.pt\/#\/schema\/logo\/image\/\",\"url\":\"https:\/\/villagraca.pt\/wp-content\/uploads\/2022\/06\/Asset-3.svg\",\"contentUrl\":\"https:\/\/villagraca.pt\/wp-content\/uploads\/2022\/06\/Asset-3.svg\",\"width\":\"1024\",\"height\":\"1024\",\"caption\":\"Villa Gra\u00e7a - Apartments & Hostels\"},\"image\":{\"@id\":\"https:\/\/villagraca.pt\/#\/schema\/logo\/image\/\"},\"sameAs\":[\"https:\/\/www.facebook.com\/villagraca.str\",\"https:\/\/instagram.com\/villa_graca\",\"https:\/\/www.tripadvisor.pt\/Hotel_Review-g659913-d21379367-Reviews-Villa_Graca_Hostels_and_Apartments-Santarem_Santarem_District_Central_Portugal.html\"]}]}<\/script>\n<!-- \/ Yoast SEO plugin. -->","yoast_head_json":{"title":"Promociones - Villa Gra\u00e7a","robots":{"index":"index","follow":"follow","max-snippet":"max-snippet:-1","max-image-preview":"max-image-preview:large","max-video-preview":"max-video-preview:-1"},"canonical":"https:\/\/villagraca.pt\/es\/ofertas\/promociones\/","og_locale":"es_ES","og_type":"article","og_title":"Promociones - Villa Gra\u00e7a","og_description":"[vc_row type=\u00bbin_container\u00bb full_screen_row_position=\u00bbmiddle\u00bb column_margin=\u00bbdefault\u00bb column_direction=\u00bbdefault\u00bb column_direction_tablet=\u00bbdefault\u00bb column_direction_phone=\u00bbdefault\u00bb scene_position=\u00bbcenter\u00bb top_padding=\u00bb6%\u00bb bottom_padding=\u00bb6%\u00bb text_color=\u00bbdark\u00bb text_align=\u00bbleft\u00bb row_border_radius=\u00bbnone\u00bb row_border_radius_applies=\u00bbbg\u00bb overflow=\u00bbvisible\u00bb overlay_strength=\u00bb0.3&#8243; gradient_direction=\u00bbleft_to_right\u00bb shape_divider_position=\u00bbbottom\u00bb bg_image_animation=\u00bbnone\u00bb gradient_type=\u00bbdefault\u00bb shape_type=\u00bb\u00bb][vc_column column_padding=\u00bbno-extra-padding\u00bb column_padding_tablet=\u00bbinherit\u00bb column_padding_phone=\u00bbinherit\u00bb column_padding_position=\u00bball\u00bb column_element_direction_desktop=\u00bbdefault\u00bb column_element_spacing=\u00bbdefault\u00bb desktop_text_alignment=\u00bbdefault\u00bb tablet_text_alignment=\u00bbdefault\u00bb phone_text_alignment=\u00bbdefault\u00bb background_color_opacity=\u00bb1&#8243; background_hover_color_opacity=\u00bb1&#8243; column_backdrop_filter=\u00bbnone\u00bb column_shadow=\u00bbnone\u00bb column_border_radius=\u00bbnone\u00bb column_link_target=\u00bb_self\u00bb column_position=\u00bbdefault\u00bb gradient_direction=\u00bbleft_to_right\u00bb overlay_strength=\u00bb0.3&#8243; width=\u00bb1\/1&#8243;...","og_url":"https:\/\/villagraca.pt\/es\/ofertas\/promociones\/","og_site_name":"Villa Gra\u00e7a","article_publisher":"https:\/\/www.facebook.com\/villagraca.str","article_modified_time":"2023-01-18T23:08:32+00:00","og_image":[{"width":392,"height":392,"url":"https:\/\/villagraca.pt\/wp-content\/uploads\/2023\/02\/villa-icon1.png","type":"image\/png"}],"twitter_card":"summary_large_image","twitter_misc":{"Tiempo de lectura":"1 minuto"},"schema":{"@context":"https:\/\/schema.org","@graph":[{"@type":"WebPage","@id":"https:\/\/villagraca.pt\/es\/ofertas\/promociones\/","url":"https:\/\/villagraca.pt\/es\/ofertas\/promociones\/","name":"Promociones - Villa Gra\u00e7a","isPartOf":{"@id":"https:\/\/villagraca.pt\/#website"},"datePublished":"2023-01-18T16:31:10+00:00","dateModified":"2023-01-18T23:08:32+00:00","breadcrumb":{"@id":"https:\/\/villagraca.pt\/es\/ofertas\/promociones\/#breadcrumb"},"inLanguage":"es","potentialAction":[{"@type":"ReadAction","target":["https:\/\/villagraca.pt\/es\/ofertas\/promociones\/"]}]},{"@type":"BreadcrumbList","@id":"https:\/\/villagraca.pt\/es\/ofertas\/promociones\/#breadcrumb","itemListElement":[{"@type":"ListItem","position":1,"name":"In\u00edcio","item":"https:\/\/villagraca.pt\/es\/home-page-villa-graca\/"},{"@type":"ListItem","position":2,"name":"Ofertas","item":"https:\/\/villagraca.pt\/es\/ofertas\/"},{"@type":"ListItem","position":3,"name":"Promociones"}]},{"@type":"WebSite","@id":"https:\/\/villagraca.pt\/#website","url":"https:\/\/villagraca.pt\/","name":"Villa Gra\u00e7a - Apartments & Hostels","description":"Um ref\u00fagio encantador em Santar\u00e9m, Portugal. Oferecemos acomoda\u00e7\u00f5es confort\u00e1veis em apartamentos e quartos, perfeitos para uma escapada relaxante.","publisher":{"@id":"https:\/\/villagraca.pt\/#organization"},"potentialAction":[{"@type":"SearchAction","target":{"@type":"EntryPoint","urlTemplate":"https:\/\/villagraca.pt\/?s={search_term_string}"},"query-input":{"@type":"PropertyValueSpecification","valueRequired":true,"valueName":"search_term_string"}}],"inLanguage":"es"},{"@type":"Organization","@id":"https:\/\/villagraca.pt\/#organization","name":"Villa Gra\u00e7a - Apartments & Hostels","url":"https:\/\/villagraca.pt\/","logo":{"@type":"ImageObject","inLanguage":"es","@id":"https:\/\/villagraca.pt\/#\/schema\/logo\/image\/","url":"https:\/\/villagraca.pt\/wp-content\/uploads\/2022\/06\/Asset-3.svg","contentUrl":"https:\/\/villagraca.pt\/wp-content\/uploads\/2022\/06\/Asset-3.svg","width":"1024","height":"1024","caption":"Villa Gra\u00e7a - Apartments & Hostels"},"image":{"@id":"https:\/\/villagraca.pt\/#\/schema\/logo\/image\/"},"sameAs":["https:\/\/www.facebook.com\/villagraca.str","https:\/\/instagram.com\/villa_graca","https:\/\/www.tripadvisor.pt\/Hotel_Review-g659913-d21379367-Reviews-Villa_Graca_Hostels_and_Apartments-Santarem_Santarem_District_Central_Portugal.html"]}]}},"_links":{"self":[{"href":"https:\/\/villagraca.pt\/es\/wp-json\/wp\/v2\/pages\/4719","targetHints":{"allow":["GET"]}}],"collection":[{"href":"https:\/\/villagraca.pt\/es\/wp-json\/wp\/v2\/pages"}],"about":[{"href":"https:\/\/villagraca.pt\/es\/wp-json\/wp\/v2\/types\/page"}],"author":[{"embeddable":true,"href":"https:\/\/villagraca.pt\/es\/wp-json\/wp\/v2\/users\/1"}],"replies":[{"embeddable":true,"href":"https:\/\/villagraca.pt\/es\/wp-json\/wp\/v2\/comments?post=4719"}],"version-history":[{"count":2,"href":"https:\/\/villagraca.pt\/es\/wp-json\/wp\/v2\/pages\/4719\/revisions"}],"predecessor-version":[{"id":4732,"href":"https:\/\/villagraca.pt\/es\/wp-json\/wp\/v2\/pages\/4719\/revisions\/4732"}],"up":[{"embeddable":true,"href":"https:\/\/villagraca.pt\/es\/wp-json\/wp\/v2\/pages\/3540"}],"wp:attachment":[{"href":"https:\/\/villagraca.pt\/es\/wp-json\/wp\/v2\/media?parent=4719"}],"curies":[{"name":"wp","href":"https:\/\/api.w.org\/{rel}","templated":true}]}}