{"id":697,"date":"2022-06-03T23:02:26","date_gmt":"2022-06-03T23:02:26","guid":{"rendered":"https:\/\/villagraca.pt\/?page_id=697"},"modified":"2022-06-05T01:58:54","modified_gmt":"2022-06-05T01:58:54","slug":"terminos-y-condiciones","status":"publish","type":"page","link":"https:\/\/villagraca.pt\/es\/terminos-y-condiciones\/","title":{"rendered":"T\u00c9RMINOS Y CONDICIONES"},"content":{"rendered":"[vc_row type=\u00bbin_container\u00bb full_screen_row_position=\u00bbmiddle\u00bb column_margin=\u00bbdefault\u00bb column_direction=\u00bbdefault\u00bb column_direction_tablet=\u00bbdefault\u00bb column_direction_phone=\u00bbdefault\u00bb scene_position=\u00bbcenter\u00bb text_color=\u00bbdark\u00bb text_align=\u00bbleft\u00bb row_border_radius=\u00bbnone\u00bb row_border_radius_applies=\u00bbbg\u00bb overflow=\u00bbvisible\u00bb overlay_strength=\u00bb0.3&#8243; gradient_direction=\u00bbleft_to_right\u00bb shape_divider_position=\u00bbbottom\u00bb bg_image_animation=\u00bbnone\u00bb][vc_column column_padding=\u00bbno-extra-padding\u00bb column_padding_tablet=\u00bbinherit\u00bb column_padding_phone=\u00bbinherit\u00bb column_padding_position=\u00bball\u00bb column_element_spacing=\u00bbdefault\u00bb background_color_opacity=\u00bb1&#8243; background_hover_color_opacity=\u00bb1&#8243; column_shadow=\u00bbnone\u00bb column_border_radius=\u00bbnone\u00bb column_link_target=\u00bb_self\u00bb column_position=\u00bbdefault\u00bb gradient_direction=\u00bbleft_to_right\u00bb overlay_strength=\u00bb0.3&#8243; width=\u00bb1\/1&#8243; tablet_width_inherit=\u00bbdefault\u00bb tablet_text_alignment=\u00bbdefault\u00bb phone_text_alignment=\u00bbdefault\u00bb animation_type=\u00bbdefault\u00bb bg_image_animation=\u00bbnone\u00bb border_type=\u00bbsimple\u00bb column_border_width=\u00bbnone\u00bb column_border_style=\u00bbsolid\u00bb][divider line_type=\u00bbNo Line\u00bb custom_height=\u00bb100&#8243;][vc_column_text]\n<div class=\"cli_pg_page_contaner\">\n<p><span style=\"color: #808080;\"><strong>T\u00e9rminos y condiciones generales de reserva<\/strong><\/span><\/p>\n<p>&nbsp;<\/p>\n<ol>\n<li><span style=\"color: #808080;\"><strong> INTRODUCCI\u00d3N<\/strong><\/span><\/li>\n<\/ol>\n<p><span style=\"color: #808080;\">Las Condiciones Generales de Reserva se explican en el documento que aqu\u00ed se presenta y tienen por objeto regular las Condiciones Generales de Contrataci\u00f3n de los Servicios de Reserva Previa y Reserva Online (en adelante, \u201cReserva Previa\u201d y \u201cReserva Online\u201d o \u201cServicios\u201d). ) de <strong>Villa Gra\u00e7a \u2013 Hostels &amp; Apartments <\/strong>por parte de los usuarios y usuarias, cabe se\u00f1alar que el t\u00e9rmino \u201cUsuario\u201d o \u201cusuario\u201d ser\u00e1 utilizado cuando se haga referencia a las personas f\u00edsicas y\/o jur\u00eddicas que, por cualquier motivo, accedan al sitio web <a style=\"color: #808080;\" href=\"http:\/\/www.villagraca.pt\/\">www. villagraca.pt <\/a>.<\/span><\/p>\n<p>&nbsp;<\/p>\n<p><span style=\"color: #808080;\"><strong>Villa Gra\u00e7a \u2013 <\/strong>Hostels <strong>&amp; Apartments es <\/strong>un desarrollo tur\u00edstico de la empresa:<\/span><\/p>\n<p><span style=\"color: #808080;\"><strong>Designaci\u00f3n <\/strong>: IIFPG \u2013 Sociedade de Investimentos, Lda.<\/span><\/p>\n<p><span style=\"color: #808080;\"><strong>Direcci\u00f3n de la sede <\/strong>: Calle Dr. Hil\u00e1rio Barreiro Nunes, Lote 50A, Dep\u00f3sito 1, Zona Industrial de Santar\u00e9m, 2005-002 Santar\u00e9m<\/span><\/p>\n<p><span style=\"color: #808080;\"><strong>NIF <\/strong>: 514 669 845<\/span><\/p>\n<p><span style=\"color: #808080;\"><strong>Tel\u00e9fono <\/strong>: 243 323 934<\/span><\/p>\n<p><span style=\"color: #808080;\"><strong>Correo electr\u00f3nico <\/strong>: <a style=\"color: #808080;\" href=\"mailto:geral@villagraca.pt\">geral@villagraca.pt<\/a><\/span><\/p>\n<p>&nbsp;<\/p>\n<p><span style=\"color: #808080;\"><strong>2-USO DE LOS SERVICIOS DE RESERVA ONLINE DE VILLA GRA\u00c7A \u2013 ALBERGUES Y APARTAMENTOS<\/strong><\/span><\/p>\n<p><span style=\"color: #808080;\"><strong>2.1-Servicios de Reservas en L\u00ednea<\/strong><\/span><\/p>\n<p><span style=\"color: #808080;\">Los. Los Servicios de reserva en l\u00ednea permiten al usuario reservar una estad\u00eda en un alojamiento local o en un <em>albergue <\/em>en <strong>Villa Gra\u00e7a \u2013 Hostels &amp; Apartments . <\/strong>Al utilizar los Servicios de Reserva Online, el usuario est\u00e1 aceptando la vigencia de cada uno de los T\u00e9rminos y\/o Condiciones Generales, que se considerar\u00e1n autom\u00e1ticamente incorporados al contrato suscrito con el IIFPG. Este contrato no se transcribir\u00e1 por escrito, a menos que el usuario lo solicite. Este documento explica los art\u00edculos del contrato.<\/span><\/p>\n<p>&nbsp;<\/p>\n<ol>\n<li><span style=\"color: #808080;\">Contrataci\u00f3n del Servicio de Reserva Online: Al realizar la Reserva Online, el usuario recibir\u00e1, en un plazo m\u00e1ximo de 24 horas, un correo electr\u00f3nico de confirmaci\u00f3n de la Reserva, en el que se incluir\u00e1 la confirmaci\u00f3n de que la solicitud de reserva se encuentra en proceso de confirmaci\u00f3n. Tras validar la reserva, el usuario recibir\u00e1 un correo electr\u00f3nico con la confirmaci\u00f3n de la reserva, siendo el correo electr\u00f3nico el documento que sirve como prueba de la reserva. La validaci\u00f3n de la reserva se realiza con los datos relativos a la tarjeta de cr\u00e9dito, a saber: n\u00famero de tarjeta de cr\u00e9dito, fecha de caducidad y c\u00f3digo de seguridad. Este c\u00f3digo se puede encontrar en el reverso de la tarjeta despu\u00e9s de firmar.<\/span><\/li>\n<\/ol>\n<p>&nbsp;<\/p>\n<p><span style=\"color: #808080;\">En el caso de utilizar Tarjeta de Cr\u00e9dito, el nombre de la tarjeta debe corresponder al nombre del hu\u00e9sped, el cual ser\u00e1 solicitado en el momento del check-in para verificar que los datos proporcionados son correctos. El titular de la tarjeta de cr\u00e9dito debe estar presente.<\/span><\/p>\n<p>&nbsp;<\/p>\n<ol>\n<li><span style=\"color: #808080;\">Garant\u00eda: La reserva quedar\u00e1 confirmada y garantizada durante el uso de la tarjeta de cr\u00e9dito. Si el hu\u00e9sped no se presenta el d\u00eda previsto sin previo aviso, se cargar\u00e1 la totalidad de la reserva (estancia con impuestos incluidos).<\/span><\/li>\n<\/ol>\n<p>&nbsp;<\/p>\n<ol>\n<li><span style=\"color: #808080;\">Cancelaci\u00f3n de la Reserva: La Cancelaci\u00f3n de la Reserva puede ser realizada por el hu\u00e9sped sin ning\u00fan cargo por cancelaci\u00f3n, siempre que se realice con anticipaci\u00f3n, hasta 5 d\u00edas antes del d\u00eda de llegada. Despu\u00e9s de este per\u00edodo, como compensaci\u00f3n equivalente, <strong>Villa Gra\u00e7a \u2013 Hostels &amp; Apartments <\/strong>cobrar\u00e1 una tarifa de cancelaci\u00f3n equivalente al costo de la reserva (impuestos incluidos).<\/span><\/li>\n<\/ol>\n<p><span style=\"color: #808080;\">Esta cl\u00e1usula no es v\u00e1lida para reservas realizadas con tarifas promocionales\/especiales, y se aplican las condiciones espec\u00edficas respectivas.<\/span><\/p>\n<p><span style=\"color: #808080;\"><strong>Villa Gra\u00e7a \u2013 Hostales y Apartamentos <\/strong>horarios <strong>:<\/strong><\/span><\/p>\n<p><span style=\"color: #808080;\"><strong>&#8211; Check &#8211; in: de 15:00 a 20:00<\/strong><\/span><\/p>\n<p><span style=\"color: #808080;\"><strong>&#8211; Salida: hasta las 11:00 horas<\/strong><\/span><\/p>\n<p><span style=\"color: #808080;\"><strong>\u00a0<\/strong><\/span><\/p>\n<ol>\n<li><span style=\"color: #808080;\">Pol\u00edtica para ni\u00f1os y beb\u00e9s: Los hu\u00e9spedes de 3 a\u00f1os en adelante y hasta 12 a\u00f1os se consideran ni\u00f1os y los hu\u00e9spedes menores de 3 a\u00f1os se consideran beb\u00e9s.<\/span><\/li>\n<\/ol>\n<p><span style=\"color: #808080;\">La pol\u00edtica de precios para ni\u00f1os (menores de 12 a\u00f1os) es la misma que la pol\u00edtica de precios para adultos.<\/span><\/p>\n<p><span style=\"color: #808080;\">En cuanto a la pol\u00edtica de precios para beb\u00e9s (menores de 3 a\u00f1os): no se cobrar\u00e1 la estad\u00eda.<\/span><\/p>\n<p>&nbsp;<\/p>\n<ol>\n<li><span style=\"color: #808080;\">Pol\u00edtica para hu\u00e9spedes menores de edad: Los hu\u00e9spedes menores de edad deben estar acompa\u00f1ados por tutores debidamente autorizados, y <strong>Villa Gra\u00e7a \u2013 Hostels &amp; Apartments puede <\/strong>exigir documentaci\u00f3n que acredite e identifique a los adultos como responsables autorizados.<\/span><\/li>\n<\/ol>\n<p>&nbsp;<\/p>\n<p><span style=\"color: #808080;\">gramo. Precio por Apartamento de Alojamiento Local, por Cama en el Hostal o por Habitaci\u00f3n en el Hostal y noche.<\/span><\/p>\n<p><span style=\"color: #808080;\">Los precios y el per\u00edodo de estancia son v\u00e1lidos si se declaran por escrito, y el<strong> Villa Gra\u00e7a \u2013 Hostales y Apartamentos <\/strong>modificar los precios sin previo aviso, siempre que existan razones justificadas para ello.<\/span><\/p>\n<p><span style=\"color: #808080;\">Los precios con impuestos relacionados con la reserva ser\u00e1n comunicados en el proceso de ejecuci\u00f3n de la reserva.<\/span><\/p>\n<p><span style=\"color: #808080;\">h En el momento de la reserva, los usuarios tienen acceso al precio de la reserva con IVA, seg\u00fan el tipo aplicable en cada momento.<\/span><\/p>\n<p><span style=\"color: #808080;\">Cabe se\u00f1alar que, en caso de que el valor de la reserva var\u00ede entre la fecha de reserva y la fecha de prestaci\u00f3n de los servicios, con una oscilaci\u00f3n del importe cobrado inicialmente, de acuerdo con la normativa aplicable, el precio aplicable deber\u00e1 corresponder a la practicada en el momento de la prestaci\u00f3n del servicio, aunque ello suponga un incremento del precio final indicado durante el proceso de reserva.<\/span><\/p>\n<p>&nbsp;<\/p>\n<p><span style=\"color: #808080;\"><strong>2.3-Uso de los Servicios por parte del hu\u00e9sped<\/strong><\/span><\/p>\n<p><span style=\"color: #808080;\">El hu\u00e9sped se compromete a utilizar los servicios de conformidad con:<\/span><\/p>\n<p><span style=\"color: #808080;\">&#8211; la Ley;<\/span><\/p>\n<p><span style=\"color: #808080;\">&#8211; normas morales ;<\/span><\/p>\n<p><span style=\"color: #808080;\">&#8211; orden p\u00fablico ;<\/span><\/p>\n<p><span style=\"color: #808080;\">&#8211; las disposiciones de este documento.<\/span><\/p>\n<p>&nbsp;<\/p>\n<p><span style=\"color: #808080;\">As\u00ed, el hu\u00e9sped no puede utilizar los servicios para fines y efectos l\u00edcitos y\/o contrarios a lo dispuesto en este documento y que puedan perjudicar los servicios y la imagen de <strong>Villa Gra\u00e7a \u2013 Hostels &amp; Apartments .<\/strong><\/span><\/p>\n<p>&nbsp;<\/p>\n<p><span style=\"color: #808080;\"><strong>2.4-Cambio de Condiciones y Servicios Prestados<\/strong><\/span><\/p>\n<p><span style=\"color: #808080;\"><strong>Villa Gra\u00e7a <\/strong>\u2013 <strong>Hostales y Apartamentos <\/strong>podr\u00e1 modificar unilateralmente los servicios prestados o las condiciones inicialmente indicadas, en beneficio de los hu\u00e9spedes. As\u00ed como los invitados pueden hacer sugerencias de cambio a trav\u00e9s del correo electr\u00f3nico <a style=\"color: #808080;\" href=\"mailto:geral@villagraca.pt\">geral@villagraca.pt <\/a>.<\/span><\/p>\n<p>&nbsp;<\/p>\n<p>&nbsp;<\/p>\n<p><span style=\"color: #808080;\"><strong>\u00a0<\/strong><\/span><\/p>\n<\/div>\n[\/vc_column_text][divider line_type=\u00bbNo Line\u00bb custom_height=\u00bb100&#8243;][\/vc_column][\/vc_row]\n","protected":false},"excerpt":{"rendered":"<p>[vc_row type=\u00bbin_container\u00bb full_screen_row_position=\u00bbmiddle\u00bb column_margin=\u00bbdefault\u00bb column_direction=\u00bbdefault\u00bb column_direction_tablet=\u00bbdefault\u00bb column_direction_phone=\u00bbdefault\u00bb scene_position=\u00bbcenter\u00bb text_color=\u00bbdark\u00bb text_align=\u00bbleft\u00bb row_border_radius=\u00bbnone\u00bb row_border_radius_applies=\u00bbbg\u00bb overflow=\u00bbvisible\u00bb overlay_strength=\u00bb0.3&#8243; gradient_direction=\u00bbleft_to_right\u00bb shape_divider_position=\u00bbbottom\u00bb bg_image_animation=\u00bbnone\u00bb][vc_column column_padding=\u00bbno-extra-padding\u00bb column_padding_tablet=\u00bbinherit\u00bb column_padding_phone=\u00bbinherit\u00bb column_padding_position=\u00bball\u00bb column_element_spacing=\u00bbdefault\u00bb background_color_opacity=\u00bb1&#8243; background_hover_color_opacity=\u00bb1&#8243; column_shadow=\u00bbnone\u00bb column_border_radius=\u00bbnone\u00bb column_link_target=\u00bb_self\u00bb column_position=\u00bbdefault\u00bb gradient_direction=\u00bbleft_to_right\u00bb overlay_strength=\u00bb0.3&#8243; width=\u00bb1\/1&#8243; tablet_width_inherit=\u00bbdefault\u00bb tablet_text_alignment=\u00bbdefault\u00bb phone_text_alignment=\u00bbdefault\u00bb animation_type=\u00bbdefault\u00bb bg_image_animation=\u00bbnone\u00bb border_type=\u00bbsimple\u00bb column_border_width=\u00bbnone\u00bb column_border_style=\u00bbsolid\u00bb][divider line_type=\u00bbNo&#8230;<\/p>\n","protected":false},"author":1,"featured_media":0,"parent":0,"menu_order":40,"comment_status":"closed","ping_status":"closed","template":"","meta":{"inline_featured_image":false,"footnotes":""},"class_list":["post-697","page","type-page","status-publish"],"yoast_head":"<!-- This site is optimized with the Yoast SEO plugin v27.0 - https:\/\/yoast.com\/product\/yoast-seo-wordpress\/ -->\n<title>T\u00c9RMINOS Y CONDICIONES - Villa Gra\u00e7a<\/title>\n<meta name=\"robots\" content=\"index, follow, max-snippet:-1, max-image-preview:large, max-video-preview:-1\" \/>\n<link rel=\"canonical\" href=\"https:\/\/villagraca.pt\/es\/terminos-y-condiciones\/\" \/>\n<meta property=\"og:locale\" content=\"es_ES\" \/>\n<meta property=\"og:type\" content=\"article\" \/>\n<meta property=\"og:title\" content=\"T\u00c9RMINOS Y CONDICIONES - Villa Gra\u00e7a\" \/>\n<meta property=\"og:description\" content=\"[vc_row type=\u00bbin_container\u00bb full_screen_row_position=\u00bbmiddle\u00bb column_margin=\u00bbdefault\u00bb column_direction=\u00bbdefault\u00bb column_direction_tablet=\u00bbdefault\u00bb column_direction_phone=\u00bbdefault\u00bb scene_position=\u00bbcenter\u00bb text_color=\u00bbdark\u00bb text_align=\u00bbleft\u00bb row_border_radius=\u00bbnone\u00bb row_border_radius_applies=\u00bbbg\u00bb overflow=\u00bbvisible\u00bb overlay_strength=\u00bb0.3&#8243; gradient_direction=\u00bbleft_to_right\u00bb shape_divider_position=\u00bbbottom\u00bb bg_image_animation=\u00bbnone\u00bb][vc_column column_padding=\u00bbno-extra-padding\u00bb column_padding_tablet=\u00bbinherit\u00bb column_padding_phone=\u00bbinherit\u00bb column_padding_position=\u00bball\u00bb column_element_spacing=\u00bbdefault\u00bb background_color_opacity=\u00bb1&#8243; background_hover_color_opacity=\u00bb1&#8243; column_shadow=\u00bbnone\u00bb column_border_radius=\u00bbnone\u00bb column_link_target=\u00bb_self\u00bb column_position=\u00bbdefault\u00bb gradient_direction=\u00bbleft_to_right\u00bb overlay_strength=\u00bb0.3&#8243; width=\u00bb1\/1&#8243; tablet_width_inherit=\u00bbdefault\u00bb tablet_text_alignment=\u00bbdefault\u00bb phone_text_alignment=\u00bbdefault\u00bb animation_type=\u00bbdefault\u00bb bg_image_animation=\u00bbnone\u00bb border_type=\u00bbsimple\u00bb column_border_width=\u00bbnone\u00bb column_border_style=\u00bbsolid\u00bb][divider line_type=\u00bbNo...\" \/>\n<meta property=\"og:url\" content=\"https:\/\/villagraca.pt\/es\/terminos-y-condiciones\/\" \/>\n<meta property=\"og:site_name\" content=\"Villa Gra\u00e7a\" \/>\n<meta property=\"article:publisher\" content=\"https:\/\/www.facebook.com\/villagraca.str\" \/>\n<meta property=\"article:modified_time\" content=\"2022-06-05T01:58:54+00:00\" \/>\n<meta property=\"og:image\" content=\"https:\/\/villagraca.pt\/wp-content\/uploads\/2023\/02\/villa-icon1.png\" \/>\n\t<meta property=\"og:image:width\" content=\"392\" \/>\n\t<meta property=\"og:image:height\" content=\"392\" \/>\n\t<meta property=\"og:image:type\" content=\"image\/png\" \/>\n<meta name=\"twitter:card\" content=\"summary_large_image\" \/>\n<meta name=\"twitter:label1\" content=\"Tiempo de lectura\" \/>\n\t<meta name=\"twitter:data1\" content=\"6 minutos\" \/>\n<script type=\"application\/ld+json\" class=\"yoast-schema-graph\">{\"@context\":\"https:\/\/schema.org\",\"@graph\":[{\"@type\":\"WebPage\",\"@id\":\"https:\/\/villagraca.pt\/es\/terminos-y-condiciones\/\",\"url\":\"https:\/\/villagraca.pt\/es\/terminos-y-condiciones\/\",\"name\":\"T\u00c9RMINOS Y CONDICIONES - Villa Gra\u00e7a\",\"isPartOf\":{\"@id\":\"https:\/\/villagraca.pt\/#website\"},\"datePublished\":\"2022-06-03T23:02:26+00:00\",\"dateModified\":\"2022-06-05T01:58:54+00:00\",\"breadcrumb\":{\"@id\":\"https:\/\/villagraca.pt\/es\/terminos-y-condiciones\/#breadcrumb\"},\"inLanguage\":\"es\",\"potentialAction\":[{\"@type\":\"ReadAction\",\"target\":[\"https:\/\/villagraca.pt\/es\/terminos-y-condiciones\/\"]}]},{\"@type\":\"BreadcrumbList\",\"@id\":\"https:\/\/villagraca.pt\/es\/terminos-y-condiciones\/#breadcrumb\",\"itemListElement\":[{\"@type\":\"ListItem\",\"position\":1,\"name\":\"In\u00edcio\",\"item\":\"https:\/\/villagraca.pt\/es\/home-page-villa-graca\/\"},{\"@type\":\"ListItem\",\"position\":2,\"name\":\"T\u00c9RMINOS Y CONDICIONES\"}]},{\"@type\":\"WebSite\",\"@id\":\"https:\/\/villagraca.pt\/#website\",\"url\":\"https:\/\/villagraca.pt\/\",\"name\":\"Villa Gra\u00e7a - Apartments & Hostels\",\"description\":\"Um ref\u00fagio encantador em Santar\u00e9m, Portugal. Oferecemos acomoda\u00e7\u00f5es confort\u00e1veis em apartamentos e quartos, perfeitos para uma escapada relaxante.\",\"publisher\":{\"@id\":\"https:\/\/villagraca.pt\/#organization\"},\"potentialAction\":[{\"@type\":\"SearchAction\",\"target\":{\"@type\":\"EntryPoint\",\"urlTemplate\":\"https:\/\/villagraca.pt\/?s={search_term_string}\"},\"query-input\":{\"@type\":\"PropertyValueSpecification\",\"valueRequired\":true,\"valueName\":\"search_term_string\"}}],\"inLanguage\":\"es\"},{\"@type\":\"Organization\",\"@id\":\"https:\/\/villagraca.pt\/#organization\",\"name\":\"Villa Gra\u00e7a - Apartments & Hostels\",\"url\":\"https:\/\/villagraca.pt\/\",\"logo\":{\"@type\":\"ImageObject\",\"inLanguage\":\"es\",\"@id\":\"https:\/\/villagraca.pt\/#\/schema\/logo\/image\/\",\"url\":\"https:\/\/villagraca.pt\/wp-content\/uploads\/2022\/06\/Asset-3.svg\",\"contentUrl\":\"https:\/\/villagraca.pt\/wp-content\/uploads\/2022\/06\/Asset-3.svg\",\"width\":\"1024\",\"height\":\"1024\",\"caption\":\"Villa Gra\u00e7a - Apartments & Hostels\"},\"image\":{\"@id\":\"https:\/\/villagraca.pt\/#\/schema\/logo\/image\/\"},\"sameAs\":[\"https:\/\/www.facebook.com\/villagraca.str\",\"https:\/\/instagram.com\/villa_graca\",\"https:\/\/www.tripadvisor.pt\/Hotel_Review-g659913-d21379367-Reviews-Villa_Graca_Hostels_and_Apartments-Santarem_Santarem_District_Central_Portugal.html\"]}]}<\/script>\n<!-- \/ Yoast SEO plugin. -->","yoast_head_json":{"title":"T\u00c9RMINOS Y CONDICIONES - Villa Gra\u00e7a","robots":{"index":"index","follow":"follow","max-snippet":"max-snippet:-1","max-image-preview":"max-image-preview:large","max-video-preview":"max-video-preview:-1"},"canonical":"https:\/\/villagraca.pt\/es\/terminos-y-condiciones\/","og_locale":"es_ES","og_type":"article","og_title":"T\u00c9RMINOS Y CONDICIONES - Villa Gra\u00e7a","og_description":"[vc_row type=\u00bbin_container\u00bb full_screen_row_position=\u00bbmiddle\u00bb column_margin=\u00bbdefault\u00bb column_direction=\u00bbdefault\u00bb column_direction_tablet=\u00bbdefault\u00bb column_direction_phone=\u00bbdefault\u00bb scene_position=\u00bbcenter\u00bb text_color=\u00bbdark\u00bb text_align=\u00bbleft\u00bb row_border_radius=\u00bbnone\u00bb row_border_radius_applies=\u00bbbg\u00bb overflow=\u00bbvisible\u00bb overlay_strength=\u00bb0.3&#8243; gradient_direction=\u00bbleft_to_right\u00bb shape_divider_position=\u00bbbottom\u00bb bg_image_animation=\u00bbnone\u00bb][vc_column column_padding=\u00bbno-extra-padding\u00bb column_padding_tablet=\u00bbinherit\u00bb column_padding_phone=\u00bbinherit\u00bb column_padding_position=\u00bball\u00bb column_element_spacing=\u00bbdefault\u00bb background_color_opacity=\u00bb1&#8243; background_hover_color_opacity=\u00bb1&#8243; column_shadow=\u00bbnone\u00bb column_border_radius=\u00bbnone\u00bb column_link_target=\u00bb_self\u00bb column_position=\u00bbdefault\u00bb gradient_direction=\u00bbleft_to_right\u00bb overlay_strength=\u00bb0.3&#8243; width=\u00bb1\/1&#8243; tablet_width_inherit=\u00bbdefault\u00bb tablet_text_alignment=\u00bbdefault\u00bb phone_text_alignment=\u00bbdefault\u00bb animation_type=\u00bbdefault\u00bb bg_image_animation=\u00bbnone\u00bb border_type=\u00bbsimple\u00bb column_border_width=\u00bbnone\u00bb column_border_style=\u00bbsolid\u00bb][divider line_type=\u00bbNo...","og_url":"https:\/\/villagraca.pt\/es\/terminos-y-condiciones\/","og_site_name":"Villa Gra\u00e7a","article_publisher":"https:\/\/www.facebook.com\/villagraca.str","article_modified_time":"2022-06-05T01:58:54+00:00","og_image":[{"width":392,"height":392,"url":"https:\/\/villagraca.pt\/wp-content\/uploads\/2023\/02\/villa-icon1.png","type":"image\/png"}],"twitter_card":"summary_large_image","twitter_misc":{"Tiempo de lectura":"6 minutos"},"schema":{"@context":"https:\/\/schema.org","@graph":[{"@type":"WebPage","@id":"https:\/\/villagraca.pt\/es\/terminos-y-condiciones\/","url":"https:\/\/villagraca.pt\/es\/terminos-y-condiciones\/","name":"T\u00c9RMINOS Y CONDICIONES - Villa Gra\u00e7a","isPartOf":{"@id":"https:\/\/villagraca.pt\/#website"},"datePublished":"2022-06-03T23:02:26+00:00","dateModified":"2022-06-05T01:58:54+00:00","breadcrumb":{"@id":"https:\/\/villagraca.pt\/es\/terminos-y-condiciones\/#breadcrumb"},"inLanguage":"es","potentialAction":[{"@type":"ReadAction","target":["https:\/\/villagraca.pt\/es\/terminos-y-condiciones\/"]}]},{"@type":"BreadcrumbList","@id":"https:\/\/villagraca.pt\/es\/terminos-y-condiciones\/#breadcrumb","itemListElement":[{"@type":"ListItem","position":1,"name":"In\u00edcio","item":"https:\/\/villagraca.pt\/es\/home-page-villa-graca\/"},{"@type":"ListItem","position":2,"name":"T\u00c9RMINOS Y CONDICIONES"}]},{"@type":"WebSite","@id":"https:\/\/villagraca.pt\/#website","url":"https:\/\/villagraca.pt\/","name":"Villa Gra\u00e7a - Apartments & Hostels","description":"Um ref\u00fagio encantador em Santar\u00e9m, Portugal. Oferecemos acomoda\u00e7\u00f5es confort\u00e1veis em apartamentos e quartos, perfeitos para uma escapada relaxante.","publisher":{"@id":"https:\/\/villagraca.pt\/#organization"},"potentialAction":[{"@type":"SearchAction","target":{"@type":"EntryPoint","urlTemplate":"https:\/\/villagraca.pt\/?s={search_term_string}"},"query-input":{"@type":"PropertyValueSpecification","valueRequired":true,"valueName":"search_term_string"}}],"inLanguage":"es"},{"@type":"Organization","@id":"https:\/\/villagraca.pt\/#organization","name":"Villa Gra\u00e7a - Apartments & Hostels","url":"https:\/\/villagraca.pt\/","logo":{"@type":"ImageObject","inLanguage":"es","@id":"https:\/\/villagraca.pt\/#\/schema\/logo\/image\/","url":"https:\/\/villagraca.pt\/wp-content\/uploads\/2022\/06\/Asset-3.svg","contentUrl":"https:\/\/villagraca.pt\/wp-content\/uploads\/2022\/06\/Asset-3.svg","width":"1024","height":"1024","caption":"Villa Gra\u00e7a - Apartments & Hostels"},"image":{"@id":"https:\/\/villagraca.pt\/#\/schema\/logo\/image\/"},"sameAs":["https:\/\/www.facebook.com\/villagraca.str","https:\/\/instagram.com\/villa_graca","https:\/\/www.tripadvisor.pt\/Hotel_Review-g659913-d21379367-Reviews-Villa_Graca_Hostels_and_Apartments-Santarem_Santarem_District_Central_Portugal.html"]}]}},"_links":{"self":[{"href":"https:\/\/villagraca.pt\/es\/wp-json\/wp\/v2\/pages\/697","targetHints":{"allow":["GET"]}}],"collection":[{"href":"https:\/\/villagraca.pt\/es\/wp-json\/wp\/v2\/pages"}],"about":[{"href":"https:\/\/villagraca.pt\/es\/wp-json\/wp\/v2\/types\/page"}],"author":[{"embeddable":true,"href":"https:\/\/villagraca.pt\/es\/wp-json\/wp\/v2\/users\/1"}],"replies":[{"embeddable":true,"href":"https:\/\/villagraca.pt\/es\/wp-json\/wp\/v2\/comments?post=697"}],"version-history":[{"count":2,"href":"https:\/\/villagraca.pt\/es\/wp-json\/wp\/v2\/pages\/697\/revisions"}],"predecessor-version":[{"id":793,"href":"https:\/\/villagraca.pt\/es\/wp-json\/wp\/v2\/pages\/697\/revisions\/793"}],"wp:attachment":[{"href":"https:\/\/villagraca.pt\/es\/wp-json\/wp\/v2\/media?parent=697"}],"curies":[{"name":"wp","href":"https:\/\/api.w.org\/{rel}","templated":true}]}}