{"id":695,"date":"2022-06-03T23:02:26","date_gmt":"2022-06-03T23:02:26","guid":{"rendered":"https:\/\/villagraca.pt\/?page_id=695"},"modified":"2022-06-28T21:16:01","modified_gmt":"2022-06-28T21:16:01","slug":"termes-et-conditions","status":"publish","type":"page","link":"https:\/\/villagraca.pt\/fr\/termes-et-conditions\/","title":{"rendered":"Termes et Conditions"},"content":{"rendered":"[vc_row type=\u00a0\u00bbin_container\u00a0\u00bb full_screen_row_position=\u00a0\u00bbmiddle\u00a0\u00bb column_margin=\u00a0\u00bbdefault\u00a0\u00bb column_direction=\u00a0\u00bbdefault\u00a0\u00bb column_direction_tablet=\u00a0\u00bbdefault\u00a0\u00bb column_direction_phone=\u00a0\u00bbdefault\u00a0\u00bb scene_position=\u00a0\u00bbcenter\u00a0\u00bb text_color=\u00a0\u00bbdark\u00a0\u00bb text_align=\u00a0\u00bbleft\u00a0\u00bb row_border_radius=\u00a0\u00bbnone\u00a0\u00bb row_border_radius_applies=\u00a0\u00bbbg\u00a0\u00bb overflow=\u00a0\u00bbvisible\u00a0\u00bb overlay_strength=\u00a0\u00bb0.3&Prime; gradient_direction=\u00a0\u00bbleft_to_right\u00a0\u00bb shape_divider_position=\u00a0\u00bbbottom\u00a0\u00bb bg_image_animation=\u00a0\u00bbnone\u00a0\u00bb][vc_column column_padding=\u00a0\u00bbno-extra-padding\u00a0\u00bb column_padding_tablet=\u00a0\u00bbinherit\u00a0\u00bb column_padding_phone=\u00a0\u00bbinherit\u00a0\u00bb column_padding_position=\u00a0\u00bball\u00a0\u00bb column_element_spacing=\u00a0\u00bbdefault\u00a0\u00bb background_color_opacity=\u00a0\u00bb1&Prime; background_hover_color_opacity=\u00a0\u00bb1&Prime; column_shadow=\u00a0\u00bbnone\u00a0\u00bb column_border_radius=\u00a0\u00bbnone\u00a0\u00bb column_link_target=\u00a0\u00bb_self\u00a0\u00bb column_position=\u00a0\u00bbdefault\u00a0\u00bb gradient_direction=\u00a0\u00bbleft_to_right\u00a0\u00bb overlay_strength=\u00a0\u00bb0.3&Prime; width=\u00a0\u00bb1\/1&Prime; tablet_width_inherit=\u00a0\u00bbdefault\u00a0\u00bb tablet_text_alignment=\u00a0\u00bbdefault\u00a0\u00bb phone_text_alignment=\u00a0\u00bbdefault\u00a0\u00bb animation_type=\u00a0\u00bbdefault\u00a0\u00bb bg_image_animation=\u00a0\u00bbnone\u00a0\u00bb border_type=\u00a0\u00bbsimple\u00a0\u00bb column_border_width=\u00a0\u00bbnone\u00a0\u00bb column_border_style=\u00a0\u00bbsolid\u00a0\u00bb][divider line_type=\u00a0\u00bbNo Line\u00a0\u00bb custom_height=\u00a0\u00bb100&Prime;][vc_column_text]\n<div class=\"cli_pg_page_contaner\">\n<p><strong>Conditions g\u00e9n\u00e9rales de r\u00e9servation<\/strong><\/p>\n<p>&nbsp;<\/p>\n<p><strong>1-INTRODUCTION<\/strong><\/p>\n<p>Les conditions g\u00e9n\u00e9rales de r\u00e9servation sont expliqu\u00e9es dans le document pr\u00e9sent\u00e9 ici et ont pour objet de r\u00e9glementer les conditions d&rsquo;achat des services de pr\u00e9-r\u00e9servation et de r\u00e9servation en ligne (ci-apr\u00e8s \u00a0\u00bb pr\u00e9-r\u00e9servation \u00a0\u00bb et \u00a0\u00bb r\u00e9servation en ligne \u00a0\u00bb ou \u00a0\u00bb services \u00ab\u00a0) du  <strong>Villa Gra\u00e7a &#8211; Hostels &amp; Apartments<\/strong> par les utilisateurs et les usagers, \u00e9tant pr\u00e9cis\u00e9 que le terme \u00ab\u00a0utilisateur\u00a0\u00bb ou \u00ab\u00a0usager\u00a0\u00bb sera utilis\u00e9 pour d\u00e9signer les personnes physiques et\/ou morales qui, pour quelque raison que ce soit, acc\u00e8dent au site web.  <a href=\"http:\/\/www.villagraca.pt\/\">www.villagraca.pt.<\/a><\/p>\n<p>&nbsp;<\/p>\n<p> <strong>Villa Gra\u00e7a &#8211; Hostels &amp; Apartments<\/strong> est une entreprise touristique :<\/p>\n<p><strong>D\u00e9signation<\/strong>: IIFPG &#8211; Sociedade de Investimentos, Lda.<br \/>\n<strong>Adresse du si\u00e8ge social<\/strong>: Rua Dr. Hil\u00e1rio Barreiro Nunes, Lote 50A, Armaz\u00e9m 1, Zona Industrial de Santar\u00e9m, 2005-002 Santar\u00e9m<br \/>\n<strong>NIF<\/strong>:514 669 845<br \/>\n<strong>T\u00e9l\u00e9phone<\/strong>: 243 323 934<br \/>\n<strong>Courriel<\/strong>: <a href=\"mailto:geral@villagraca.pt\">geral@villagraca.pt<\/a><\/p>\n<p>&nbsp;<\/p>\n<p><strong>2-UTILISATION DE LA VILLA GRA\u00c7A &#8211; SERVICES DE R\u00c9SERVATION EN LIGNE D&rsquo;AUBERGES ET D&rsquo;APPARTEMENTS<\/strong><\/p>\n<p><strong>2.1 &#8211; Services de r\u00e9servation en ligne<\/strong><\/p>\n<p style=\"padding-left: 40px;\">a) Les services de r\u00e9servation en ligne permettent \u00e0 l&rsquo;utilisateur d&rsquo;effectuer une r\u00e9servation pour un s\u00e9jour dans un h\u00e9bergement local, ou  <em>Auberge de jeunesse<\/em> en  <strong>Villa Gra\u00e7a &#8211; Auberges et appartements.  <\/strong>En utilisant les services de r\u00e9servation en ligne, l&rsquo;utilisateur accepte la validit\u00e9 de chacune des conditions g\u00e9n\u00e9rales, qui sont consid\u00e9r\u00e9es comme automatiquement int\u00e9gr\u00e9es au contrat conclu avec l&rsquo;IIFPG. Ce contrat ne sera pas transcrit par \u00e9crit, sauf si l&rsquo;utilisateur en fait la demande. Ce document explique les articles du contrat.<\/p>\n<p style=\"padding-left: 40px;\">  b) Utilisation du service de r\u00e9servation en ligne : Lorsque vous effectuez la r\u00e9servation en ligne, vous recevez, dans les 24 heures, un e-mail de confirmation de la r\u00e9servation qui comprendra la confirmation que la demande de r\u00e9servation est en cours de confirmation. Apr\u00e8s avoir valid\u00e9 la r\u00e9servation, l&rsquo;utilisateur recevra un e-mail avec la confirmation de la r\u00e9servation, l&rsquo;e-mail \u00e9tant lui-m\u00eame le document qui sert de preuve de la r\u00e9servation. La r\u00e9servation est valid\u00e9e \u00e0 l&rsquo;aide des donn\u00e9es de la carte de cr\u00e9dit, \u00e0 savoir : le num\u00e9ro de la carte, la date d&rsquo;expiration et le code de s\u00e9curit\u00e9. Ce code se trouve au dos de la carte, apr\u00e8s la signature.<\/p>\n<p style=\"padding-left: 40px;\">En cas d&rsquo;utilisation d&rsquo;une carte de cr\u00e9dit, le nom figurant sur la carte doit correspondre au nom du client, et la m\u00eame chose sera demand\u00e9e au moment de l&rsquo;enregistrement pour v\u00e9rifier si les donn\u00e9es fournies sont correctes. Le titulaire de la carte de cr\u00e9dit doit \u00eatre pr\u00e9sent.<\/p>\n<p style=\"padding-left: 40px;\">c) Garantie : La r\u00e9servation sera confirm\u00e9e et garantie lors de l&rsquo;utilisation de la carte de cr\u00e9dit. Si le client ne se pr\u00e9sente pas le jour pr\u00e9vu sans pr\u00e9avis, la totalit\u00e9 de la r\u00e9servation sera factur\u00e9e (s\u00e9jour avec taxes incluses).<\/p>\n<p style=\"padding-left: 40px;\">d) Annulation de la r\u00e9servation : L&rsquo;annulation de la r\u00e9servation peut \u00eatre effectu\u00e9e par le client sans frais d&rsquo;annulation, \u00e0 condition qu&rsquo;elle soit faite \u00e0 l&rsquo;avance, jusqu&rsquo;\u00e0 5 jours avant le jour de l&rsquo;arriv\u00e9e. Apr\u00e8s cette p\u00e9riode, \u00e0 titre de compensation \u00e9quivalente, <strong>Villa Gra\u00e7a &#8211; Hostels &amp; Apartments<\/strong> facturera des frais d&rsquo;annulation \u00e9quivalents au co\u00fbt de la r\u00e9servation (taxes comprises).<\/p>\n<p style=\"padding-left: 40px;\">La pr\u00e9sente clause n&rsquo;est pas valable pour les r\u00e9servations effectu\u00e9es \u00e0 des tarifs promotionnels\/sp\u00e9ciaux, les conditions sp\u00e9cifiques respectives \u00e9tant appliqu\u00e9es.<\/p>\n<p style=\"padding-left: 40px;\">Heures d&rsquo;ouverture <strong>Villa Gra\u00e7a &#8211; Auberges de Jeunesse et Appartements :<\/strong><\/p>\n<p style=\"padding-left: 40px;\"><strong>&#8211; Arriv\u00e9e : de 15h00 \u00e0 20h00<\/strong><\/p>\n<p style=\"padding-left: 40px;\"><strong>&#8211; D\u00e9part : jusqu&rsquo;\u00e0 11 heures<\/strong><\/p>\n<p style=\"padding-left: 40px;\">e) Politique relative aux enfants et aux nourrissons : Les clients \u00e2g\u00e9s de 3 ans et plus et jusqu&rsquo;\u00e0 12 ans sont consid\u00e9r\u00e9s comme des enfants et les clients de moins de 3 ans sont consid\u00e9r\u00e9s comme des b\u00e9b\u00e9s.<\/p>\n<p style=\"padding-left: 40px;\">La politique tarifaire pour les enfants (jusqu&rsquo;\u00e0 12 ans) est la m\u00eame que pour les adultes.<\/p>\n<p style=\"padding-left: 40px;\">En ce qui concerne la politique de prix pour les enfants en bas \u00e2ge (moins de 3 ans) : il n&rsquo;y aura pas de frais pour le s\u00e9jour.<\/p>\n<p style=\"padding-left: 40px;\">f) Politique relative aux mineurs : les mineurs doivent \u00eatre accompagn\u00e9s par des tuteurs d\u00fbment autoris\u00e9s, et <strong>Villa Gra\u00e7a &#8211; Hostels &amp; Apartments <\/strong>peut exiger des documents pour prouver et identifier les adultes en tant que tuteurs autoris\u00e9s.<\/p>\n<p style=\"padding-left: 40px;\">g) Prix par appartement dans un logement local, par lit d&rsquo;auberge ou par chambre d&rsquo;auberge et par nuit.<\/p>\n<p style=\"padding-left: 40px;\">Les prix et la p\u00e9riode de s\u00e9jour sont valables s&rsquo;ils sont d\u00e9clar\u00e9s par \u00e9crit, et<strong> Villa Gra\u00e7a &#8211; Hostels &amp; Apartments <\/strong>peut modifier les prix sans pr\u00e9avis, chaque fois qu&rsquo;il y a des raisons justifiables pour cela.<\/p>\n<p style=\"padding-left: 40px;\">Les prix avec taxes se r\u00e9f\u00e9rant \u00e0 la r\u00e9servation seront communiqu\u00e9s dans le processus d&rsquo;ex\u00e9cution de la r\u00e9servation.<\/p>\n<p style=\"padding-left: 40px;\">h) Au moment de la r\u00e9servation, les utilisateurs ont acc\u00e8s au prix de la r\u00e9servation avec TVA, selon le taux applicable \u00e0 ce moment-l\u00e0.<\/p>\n<p style=\"padding-left: 40px;\">Il convient de noter que si la valeur de la r\u00e9servation change entre la date de la r\u00e9servation et la date \u00e0 laquelle les services sont rendus, et qu&rsquo;il y a une oscillation de la valeur initialement factur\u00e9e, conform\u00e9ment \u00e0 la r\u00e9glementation applicable, le prix applicable doit correspondre au prix en vigueur au moment o\u00f9 le service est rendu, m\u00eame si cela entra\u00eene une augmentation du prix final indiqu\u00e9 lors du processus de r\u00e9servation.<\/p>\n<p><strong>2.3-Utilisation des services par l&rsquo;invit\u00e9<\/strong><\/p>\n<p>L&rsquo;invit\u00e9 s&rsquo;engage \u00e0 utiliser les services en conformit\u00e9 avec :<\/p>\n<p>&#8211; la loi ;<br \/>\n&#8211; les normes morales ;<br \/>\n&#8211; l&rsquo;ordre public ;<br \/>\n&#8211; les dispositions du pr\u00e9sent document.<\/p>\n<p>Ainsi, l&rsquo;invit\u00e9 ne peut pas utiliser les services \u00e0 des fins et effets illicites et\/ou contraires \u00e0 ce qui est \u00e9tabli dans le pr\u00e9sent document et qui pourraient porter atteinte aux services et \u00e0 l&rsquo;image de <strong>Villa Gra\u00e7a &#8211; Hostels &amp; Apartments.<\/strong><\/p>\n<p><strong>2.4 &#8211; Modification des conditions et des services fournis<\/strong><\/p>\n<p> <strong>Villa Gra\u00e7a &#8211; Hostels &amp; Apartments <\/strong>peut modifier unilat\u00e9ralement les services fournis ou les conditions initialement indiqu\u00e9es, au b\u00e9n\u00e9fice des clients. Les clients peuvent \u00e9galement faire des suggestions de changements en envoyant un e-mail \u00e0 <a href=\"mailto:geral@villagraca.pt\">geral@villagraca.pt<\/a>.<\/p>\n<p>&nbsp;<\/p>\n<p>&nbsp;<\/p>\n<p><strong> <\/strong><\/p>\n<\/div>\n[\/vc_column_text][divider line_type=\u00a0\u00bbNo Line\u00a0\u00bb custom_height=\u00a0\u00bb100&Prime;][\/vc_column][\/vc_row]\n","protected":false},"excerpt":{"rendered":"<p>[vc_row type=\u00a0\u00bbin_container\u00a0\u00bb full_screen_row_position=\u00a0\u00bbmiddle\u00a0\u00bb column_margin=\u00a0\u00bbdefault\u00a0\u00bb column_direction=\u00a0\u00bbdefault\u00a0\u00bb column_direction_tablet=\u00a0\u00bbdefault\u00a0\u00bb column_direction_phone=\u00a0\u00bbdefault\u00a0\u00bb scene_position=\u00a0\u00bbcenter\u00a0\u00bb text_color=\u00a0\u00bbdark\u00a0\u00bb text_align=\u00a0\u00bbleft\u00a0\u00bb row_border_radius=\u00a0\u00bbnone\u00a0\u00bb row_border_radius_applies=\u00a0\u00bbbg\u00a0\u00bb overflow=\u00a0\u00bbvisible\u00a0\u00bb overlay_strength=\u00a0\u00bb0.3&Prime; gradient_direction=\u00a0\u00bbleft_to_right\u00a0\u00bb shape_divider_position=\u00a0\u00bbbottom\u00a0\u00bb bg_image_animation=\u00a0\u00bbnone\u00a0\u00bb][vc_column column_padding=\u00a0\u00bbno-extra-padding\u00a0\u00bb column_padding_tablet=\u00a0\u00bbinherit\u00a0\u00bb column_padding_phone=\u00a0\u00bbinherit\u00a0\u00bb column_padding_position=\u00a0\u00bball\u00a0\u00bb column_element_spacing=\u00a0\u00bbdefault\u00a0\u00bb background_color_opacity=\u00a0\u00bb1&Prime; background_hover_color_opacity=\u00a0\u00bb1&Prime; column_shadow=\u00a0\u00bbnone\u00a0\u00bb column_border_radius=\u00a0\u00bbnone\u00a0\u00bb column_link_target=\u00a0\u00bb_self\u00a0\u00bb column_position=\u00a0\u00bbdefault\u00a0\u00bb gradient_direction=\u00a0\u00bbleft_to_right\u00a0\u00bb overlay_strength=\u00a0\u00bb0.3&Prime; width=\u00a0\u00bb1\/1&Prime; tablet_width_inherit=\u00a0\u00bbdefault\u00a0\u00bb tablet_text_alignment=\u00a0\u00bbdefault\u00a0\u00bb phone_text_alignment=\u00a0\u00bbdefault\u00a0\u00bb animation_type=\u00a0\u00bbdefault\u00a0\u00bb bg_image_animation=\u00a0\u00bbnone\u00a0\u00bb border_type=\u00a0\u00bbsimple\u00a0\u00bb column_border_width=\u00a0\u00bbnone\u00a0\u00bb column_border_style=\u00a0\u00bbsolid\u00a0\u00bb][divider line_type=\u00a0\u00bbNo&#8230;<\/p>\n","protected":false},"author":1,"featured_media":0,"parent":0,"menu_order":43,"comment_status":"closed","ping_status":"closed","template":"","meta":{"inline_featured_image":false,"footnotes":""},"class_list":["post-695","page","type-page","status-publish"],"yoast_head":"<!-- This site is optimized with the Yoast SEO plugin v27.0 - https:\/\/yoast.com\/product\/yoast-seo-wordpress\/ -->\n<title>Termes et Conditions - Villa Gra\u00e7a<\/title>\n<meta name=\"robots\" content=\"index, follow, max-snippet:-1, max-image-preview:large, max-video-preview:-1\" \/>\n<link rel=\"canonical\" href=\"https:\/\/villagraca.pt\/fr\/termes-et-conditions\/\" \/>\n<meta property=\"og:locale\" content=\"fr_FR\" \/>\n<meta property=\"og:type\" content=\"article\" \/>\n<meta property=\"og:title\" content=\"Termes et Conditions - Villa Gra\u00e7a\" \/>\n<meta property=\"og:description\" content=\"[vc_row type=\u00a0\u00bbin_container\u00a0\u00bb full_screen_row_position=\u00a0\u00bbmiddle\u00a0\u00bb column_margin=\u00a0\u00bbdefault\u00a0\u00bb column_direction=\u00a0\u00bbdefault\u00a0\u00bb column_direction_tablet=\u00a0\u00bbdefault\u00a0\u00bb column_direction_phone=\u00a0\u00bbdefault\u00a0\u00bb scene_position=\u00a0\u00bbcenter\u00a0\u00bb text_color=\u00a0\u00bbdark\u00a0\u00bb text_align=\u00a0\u00bbleft\u00a0\u00bb row_border_radius=\u00a0\u00bbnone\u00a0\u00bb row_border_radius_applies=\u00a0\u00bbbg\u00a0\u00bb overflow=\u00a0\u00bbvisible\u00a0\u00bb overlay_strength=\u00a0\u00bb0.3&Prime; gradient_direction=\u00a0\u00bbleft_to_right\u00a0\u00bb shape_divider_position=\u00a0\u00bbbottom\u00a0\u00bb bg_image_animation=\u00a0\u00bbnone\u00a0\u00bb][vc_column column_padding=\u00a0\u00bbno-extra-padding\u00a0\u00bb column_padding_tablet=\u00a0\u00bbinherit\u00a0\u00bb column_padding_phone=\u00a0\u00bbinherit\u00a0\u00bb column_padding_position=\u00a0\u00bball\u00a0\u00bb column_element_spacing=\u00a0\u00bbdefault\u00a0\u00bb background_color_opacity=\u00a0\u00bb1&Prime; background_hover_color_opacity=\u00a0\u00bb1&Prime; column_shadow=\u00a0\u00bbnone\u00a0\u00bb column_border_radius=\u00a0\u00bbnone\u00a0\u00bb column_link_target=\u00a0\u00bb_self\u00a0\u00bb column_position=\u00a0\u00bbdefault\u00a0\u00bb gradient_direction=\u00a0\u00bbleft_to_right\u00a0\u00bb overlay_strength=\u00a0\u00bb0.3&Prime; width=\u00a0\u00bb1\/1&Prime; tablet_width_inherit=\u00a0\u00bbdefault\u00a0\u00bb tablet_text_alignment=\u00a0\u00bbdefault\u00a0\u00bb phone_text_alignment=\u00a0\u00bbdefault\u00a0\u00bb animation_type=\u00a0\u00bbdefault\u00a0\u00bb bg_image_animation=\u00a0\u00bbnone\u00a0\u00bb border_type=\u00a0\u00bbsimple\u00a0\u00bb column_border_width=\u00a0\u00bbnone\u00a0\u00bb column_border_style=\u00a0\u00bbsolid\u00a0\u00bb][divider line_type=\u00a0\u00bbNo...\" \/>\n<meta property=\"og:url\" content=\"https:\/\/villagraca.pt\/fr\/termes-et-conditions\/\" \/>\n<meta property=\"og:site_name\" content=\"Villa Gra\u00e7a\" \/>\n<meta property=\"article:publisher\" content=\"https:\/\/www.facebook.com\/villagraca.str\" \/>\n<meta property=\"article:modified_time\" content=\"2022-06-28T21:16:01+00:00\" \/>\n<meta property=\"og:image\" content=\"https:\/\/villagraca.pt\/wp-content\/uploads\/2023\/02\/villa-icon1.png\" \/>\n\t<meta property=\"og:image:width\" content=\"392\" \/>\n\t<meta property=\"og:image:height\" content=\"392\" \/>\n\t<meta property=\"og:image:type\" content=\"image\/png\" \/>\n<meta name=\"twitter:card\" content=\"summary_large_image\" \/>\n<meta name=\"twitter:label1\" content=\"Dur\u00e9e de lecture estim\u00e9e\" \/>\n\t<meta name=\"twitter:data1\" content=\"6 minutes\" \/>\n<script type=\"application\/ld+json\" class=\"yoast-schema-graph\">{\"@context\":\"https:\/\/schema.org\",\"@graph\":[{\"@type\":\"WebPage\",\"@id\":\"https:\/\/villagraca.pt\/fr\/termes-et-conditions\/\",\"url\":\"https:\/\/villagraca.pt\/fr\/termes-et-conditions\/\",\"name\":\"Termes et Conditions - Villa Gra\u00e7a\",\"isPartOf\":{\"@id\":\"https:\/\/villagraca.pt\/#website\"},\"datePublished\":\"2022-06-03T23:02:26+00:00\",\"dateModified\":\"2022-06-28T21:16:01+00:00\",\"breadcrumb\":{\"@id\":\"https:\/\/villagraca.pt\/fr\/termes-et-conditions\/#breadcrumb\"},\"inLanguage\":\"fr-FR\",\"potentialAction\":[{\"@type\":\"ReadAction\",\"target\":[\"https:\/\/villagraca.pt\/fr\/termes-et-conditions\/\"]}]},{\"@type\":\"BreadcrumbList\",\"@id\":\"https:\/\/villagraca.pt\/fr\/termes-et-conditions\/#breadcrumb\",\"itemListElement\":[{\"@type\":\"ListItem\",\"position\":1,\"name\":\"In\u00edcio\",\"item\":\"https:\/\/villagraca.pt\/fr\/home-page-villa-graca\/\"},{\"@type\":\"ListItem\",\"position\":2,\"name\":\"Termes et Conditions\"}]},{\"@type\":\"WebSite\",\"@id\":\"https:\/\/villagraca.pt\/#website\",\"url\":\"https:\/\/villagraca.pt\/\",\"name\":\"Villa Gra\u00e7a - Apartments & Hostels\",\"description\":\"Um ref\u00fagio encantador em Santar\u00e9m, Portugal. Oferecemos acomoda\u00e7\u00f5es confort\u00e1veis em apartamentos e quartos, perfeitos para uma escapada relaxante.\",\"publisher\":{\"@id\":\"https:\/\/villagraca.pt\/#organization\"},\"potentialAction\":[{\"@type\":\"SearchAction\",\"target\":{\"@type\":\"EntryPoint\",\"urlTemplate\":\"https:\/\/villagraca.pt\/?s={search_term_string}\"},\"query-input\":{\"@type\":\"PropertyValueSpecification\",\"valueRequired\":true,\"valueName\":\"search_term_string\"}}],\"inLanguage\":\"fr-FR\"},{\"@type\":\"Organization\",\"@id\":\"https:\/\/villagraca.pt\/#organization\",\"name\":\"Villa Gra\u00e7a - Apartments & Hostels\",\"url\":\"https:\/\/villagraca.pt\/\",\"logo\":{\"@type\":\"ImageObject\",\"inLanguage\":\"fr-FR\",\"@id\":\"https:\/\/villagraca.pt\/#\/schema\/logo\/image\/\",\"url\":\"https:\/\/villagraca.pt\/wp-content\/uploads\/2022\/06\/Asset-3.svg\",\"contentUrl\":\"https:\/\/villagraca.pt\/wp-content\/uploads\/2022\/06\/Asset-3.svg\",\"width\":\"1024\",\"height\":\"1024\",\"caption\":\"Villa Gra\u00e7a - Apartments & Hostels\"},\"image\":{\"@id\":\"https:\/\/villagraca.pt\/#\/schema\/logo\/image\/\"},\"sameAs\":[\"https:\/\/www.facebook.com\/villagraca.str\",\"https:\/\/instagram.com\/villa_graca\",\"https:\/\/www.tripadvisor.pt\/Hotel_Review-g659913-d21379367-Reviews-Villa_Graca_Hostels_and_Apartments-Santarem_Santarem_District_Central_Portugal.html\"]}]}<\/script>\n<!-- \/ Yoast SEO plugin. -->","yoast_head_json":{"title":"Termes et Conditions - Villa Gra\u00e7a","robots":{"index":"index","follow":"follow","max-snippet":"max-snippet:-1","max-image-preview":"max-image-preview:large","max-video-preview":"max-video-preview:-1"},"canonical":"https:\/\/villagraca.pt\/fr\/termes-et-conditions\/","og_locale":"fr_FR","og_type":"article","og_title":"Termes et Conditions - Villa Gra\u00e7a","og_description":"[vc_row type=\u00a0\u00bbin_container\u00a0\u00bb full_screen_row_position=\u00a0\u00bbmiddle\u00a0\u00bb column_margin=\u00a0\u00bbdefault\u00a0\u00bb column_direction=\u00a0\u00bbdefault\u00a0\u00bb column_direction_tablet=\u00a0\u00bbdefault\u00a0\u00bb column_direction_phone=\u00a0\u00bbdefault\u00a0\u00bb scene_position=\u00a0\u00bbcenter\u00a0\u00bb text_color=\u00a0\u00bbdark\u00a0\u00bb text_align=\u00a0\u00bbleft\u00a0\u00bb row_border_radius=\u00a0\u00bbnone\u00a0\u00bb row_border_radius_applies=\u00a0\u00bbbg\u00a0\u00bb overflow=\u00a0\u00bbvisible\u00a0\u00bb overlay_strength=\u00a0\u00bb0.3&Prime; gradient_direction=\u00a0\u00bbleft_to_right\u00a0\u00bb shape_divider_position=\u00a0\u00bbbottom\u00a0\u00bb bg_image_animation=\u00a0\u00bbnone\u00a0\u00bb][vc_column column_padding=\u00a0\u00bbno-extra-padding\u00a0\u00bb column_padding_tablet=\u00a0\u00bbinherit\u00a0\u00bb column_padding_phone=\u00a0\u00bbinherit\u00a0\u00bb column_padding_position=\u00a0\u00bball\u00a0\u00bb column_element_spacing=\u00a0\u00bbdefault\u00a0\u00bb background_color_opacity=\u00a0\u00bb1&Prime; background_hover_color_opacity=\u00a0\u00bb1&Prime; column_shadow=\u00a0\u00bbnone\u00a0\u00bb column_border_radius=\u00a0\u00bbnone\u00a0\u00bb column_link_target=\u00a0\u00bb_self\u00a0\u00bb column_position=\u00a0\u00bbdefault\u00a0\u00bb gradient_direction=\u00a0\u00bbleft_to_right\u00a0\u00bb overlay_strength=\u00a0\u00bb0.3&Prime; width=\u00a0\u00bb1\/1&Prime; tablet_width_inherit=\u00a0\u00bbdefault\u00a0\u00bb tablet_text_alignment=\u00a0\u00bbdefault\u00a0\u00bb phone_text_alignment=\u00a0\u00bbdefault\u00a0\u00bb animation_type=\u00a0\u00bbdefault\u00a0\u00bb bg_image_animation=\u00a0\u00bbnone\u00a0\u00bb border_type=\u00a0\u00bbsimple\u00a0\u00bb column_border_width=\u00a0\u00bbnone\u00a0\u00bb column_border_style=\u00a0\u00bbsolid\u00a0\u00bb][divider line_type=\u00a0\u00bbNo...","og_url":"https:\/\/villagraca.pt\/fr\/termes-et-conditions\/","og_site_name":"Villa Gra\u00e7a","article_publisher":"https:\/\/www.facebook.com\/villagraca.str","article_modified_time":"2022-06-28T21:16:01+00:00","og_image":[{"width":392,"height":392,"url":"https:\/\/villagraca.pt\/wp-content\/uploads\/2023\/02\/villa-icon1.png","type":"image\/png"}],"twitter_card":"summary_large_image","twitter_misc":{"Dur\u00e9e de lecture estim\u00e9e":"6 minutes"},"schema":{"@context":"https:\/\/schema.org","@graph":[{"@type":"WebPage","@id":"https:\/\/villagraca.pt\/fr\/termes-et-conditions\/","url":"https:\/\/villagraca.pt\/fr\/termes-et-conditions\/","name":"Termes et Conditions - Villa Gra\u00e7a","isPartOf":{"@id":"https:\/\/villagraca.pt\/#website"},"datePublished":"2022-06-03T23:02:26+00:00","dateModified":"2022-06-28T21:16:01+00:00","breadcrumb":{"@id":"https:\/\/villagraca.pt\/fr\/termes-et-conditions\/#breadcrumb"},"inLanguage":"fr-FR","potentialAction":[{"@type":"ReadAction","target":["https:\/\/villagraca.pt\/fr\/termes-et-conditions\/"]}]},{"@type":"BreadcrumbList","@id":"https:\/\/villagraca.pt\/fr\/termes-et-conditions\/#breadcrumb","itemListElement":[{"@type":"ListItem","position":1,"name":"In\u00edcio","item":"https:\/\/villagraca.pt\/fr\/home-page-villa-graca\/"},{"@type":"ListItem","position":2,"name":"Termes et Conditions"}]},{"@type":"WebSite","@id":"https:\/\/villagraca.pt\/#website","url":"https:\/\/villagraca.pt\/","name":"Villa Gra\u00e7a - Apartments & Hostels","description":"Um ref\u00fagio encantador em Santar\u00e9m, Portugal. Oferecemos acomoda\u00e7\u00f5es confort\u00e1veis em apartamentos e quartos, perfeitos para uma escapada relaxante.","publisher":{"@id":"https:\/\/villagraca.pt\/#organization"},"potentialAction":[{"@type":"SearchAction","target":{"@type":"EntryPoint","urlTemplate":"https:\/\/villagraca.pt\/?s={search_term_string}"},"query-input":{"@type":"PropertyValueSpecification","valueRequired":true,"valueName":"search_term_string"}}],"inLanguage":"fr-FR"},{"@type":"Organization","@id":"https:\/\/villagraca.pt\/#organization","name":"Villa Gra\u00e7a - Apartments & Hostels","url":"https:\/\/villagraca.pt\/","logo":{"@type":"ImageObject","inLanguage":"fr-FR","@id":"https:\/\/villagraca.pt\/#\/schema\/logo\/image\/","url":"https:\/\/villagraca.pt\/wp-content\/uploads\/2022\/06\/Asset-3.svg","contentUrl":"https:\/\/villagraca.pt\/wp-content\/uploads\/2022\/06\/Asset-3.svg","width":"1024","height":"1024","caption":"Villa Gra\u00e7a - Apartments & Hostels"},"image":{"@id":"https:\/\/villagraca.pt\/#\/schema\/logo\/image\/"},"sameAs":["https:\/\/www.facebook.com\/villagraca.str","https:\/\/instagram.com\/villa_graca","https:\/\/www.tripadvisor.pt\/Hotel_Review-g659913-d21379367-Reviews-Villa_Graca_Hostels_and_Apartments-Santarem_Santarem_District_Central_Portugal.html"]}]}},"_links":{"self":[{"href":"https:\/\/villagraca.pt\/fr\/wp-json\/wp\/v2\/pages\/695","targetHints":{"allow":["GET"]}}],"collection":[{"href":"https:\/\/villagraca.pt\/fr\/wp-json\/wp\/v2\/pages"}],"about":[{"href":"https:\/\/villagraca.pt\/fr\/wp-json\/wp\/v2\/types\/page"}],"author":[{"embeddable":true,"href":"https:\/\/villagraca.pt\/fr\/wp-json\/wp\/v2\/users\/1"}],"replies":[{"embeddable":true,"href":"https:\/\/villagraca.pt\/fr\/wp-json\/wp\/v2\/comments?post=695"}],"version-history":[{"count":5,"href":"https:\/\/villagraca.pt\/fr\/wp-json\/wp\/v2\/pages\/695\/revisions"}],"predecessor-version":[{"id":3836,"href":"https:\/\/villagraca.pt\/fr\/wp-json\/wp\/v2\/pages\/695\/revisions\/3836"}],"wp:attachment":[{"href":"https:\/\/villagraca.pt\/fr\/wp-json\/wp\/v2\/media?parent=695"}],"curies":[{"name":"wp","href":"https:\/\/api.w.org\/{rel}","templated":true}]}}